{"id":178,"date":"2019-12-27T17:27:43","date_gmt":"2019-12-27T16:27:43","guid":{"rendered":"https:\/\/www.informatiqueauchateau.be\/?page_id=178"},"modified":"2025-09-04T15:07:06","modified_gmt":"2025-09-04T13:07:06","slug":"tableur-excel","status":"publish","type":"page","link":"https:\/\/www.informatiqueauchateau.be\/index.php\/tableur-excel\/","title":{"rendered":"Excel (Tableur)"},"content":{"rendered":"\t\t<div data-elementor-type=\"wp-page\" data-elementor-id=\"178\" class=\"elementor elementor-178\">\n\t\t\t\t\t\t<section class=\"elementor-section elementor-top-section elementor-element elementor-element-61f14ba elementor-section-boxed elementor-section-height-default elementor-section-height-default\" data-id=\"61f14ba\" data-element_type=\"section\">\n\t\t\t\t\t\t<div class=\"elementor-container elementor-column-gap-default\">\n\t\t\t\t\t<div class=\"elementor-column elementor-col-100 elementor-top-column elementor-element elementor-element-e848008\" data-id=\"e848008\" data-element_type=\"column\">\n\t\t\t<div class=\"elementor-widget-wrap elementor-element-populated\">\n\t\t\t\t\t\t<div class=\"elementor-element elementor-element-19130ca elementor-widget elementor-widget-image\" data-id=\"19130ca\" data-element_type=\"widget\" data-widget_type=\"image.default\">\n\t\t\t\t<div class=\"elementor-widget-container\">\n\t\t\t\t\t\t\t\t\t\t\t\t\t\t\t<img fetchpriority=\"high\" decoding=\"async\" width=\"580\" height=\"145\" src=\"https:\/\/www.informatiqueauchateau.be\/wp-content\/uploads\/2024\/09\/Logo-2019-Banniere-1024x256.png\" class=\"attachment-large size-large wp-image-4681\" alt=\"\" srcset=\"https:\/\/www.informatiqueauchateau.be\/wp-content\/uploads\/2024\/09\/Logo-2019-Banniere-1024x256.png 1024w, https:\/\/www.informatiqueauchateau.be\/wp-content\/uploads\/2024\/09\/Logo-2019-Banniere-300x75.png 300w, https:\/\/www.informatiqueauchateau.be\/wp-content\/uploads\/2024\/09\/Logo-2019-Banniere-768x192.png 768w, https:\/\/www.informatiqueauchateau.be\/wp-content\/uploads\/2024\/09\/Logo-2019-Banniere.png 1031w\" sizes=\"(max-width: 580px) 100vw, 580px\" \/>\t\t\t\t\t\t\t\t\t\t\t\t\t\t\t<\/div>\n\t\t\t\t<\/div>\n\t\t\t\t<div class=\"elementor-element elementor-element-428a581 elementor-widget elementor-widget-image\" data-id=\"428a581\" data-element_type=\"widget\" data-widget_type=\"image.default\">\n\t\t\t\t<div class=\"elementor-widget-container\">\n\t\t\t\t\t\t\t\t\t\t\t\t\t\t\t<img decoding=\"async\" width=\"580\" height=\"244\" src=\"https:\/\/www.informatiqueauchateau.be\/wp-content\/uploads\/2024\/08\/Image1-1024x430.jpg\" class=\"attachment-large size-large wp-image-4488\" alt=\"\" srcset=\"https:\/\/www.informatiqueauchateau.be\/wp-content\/uploads\/2024\/08\/Image1-1024x430.jpg 1024w, https:\/\/www.informatiqueauchateau.be\/wp-content\/uploads\/2024\/08\/Image1-300x126.jpg 300w, https:\/\/www.informatiqueauchateau.be\/wp-content\/uploads\/2024\/08\/Image1-768x322.jpg 768w, https:\/\/www.informatiqueauchateau.be\/wp-content\/uploads\/2024\/08\/Image1-1200x503.jpg 1200w, https:\/\/www.informatiqueauchateau.be\/wp-content\/uploads\/2024\/08\/Image1.jpg 1280w\" sizes=\"(max-width: 580px) 100vw, 580px\" \/>\t\t\t\t\t\t\t\t\t\t\t\t\t\t\t<\/div>\n\t\t\t\t<\/div>\n\t\t\t\t<div class=\"elementor-element elementor-element-be02d0e elementor-align-center elementor-widget elementor-widget-button\" data-id=\"be02d0e\" data-element_type=\"widget\" data-widget_type=\"button.default\">\n\t\t\t\t<div class=\"elementor-widget-container\">\n\t\t\t\t\t\t\t\t\t<div class=\"elementor-button-wrapper\">\n\t\t\t\t\t<a class=\"elementor-button elementor-button-link elementor-size-sm\" href=\"https:\/\/forms.gle\/k5RpDHPUd9jC4CBw6\">\n\t\t\t\t\t\t<span class=\"elementor-button-content-wrapper\">\n\t\t\t\t\t\t\t\t\t<span class=\"elementor-button-text\">Vers le formulaire de demande d'inscription ou de renseignements<\/span>\n\t\t\t\t\t<\/span>\n\t\t\t\t\t<\/a>\n\t\t\t\t<\/div>\n\t\t\t\t\t\t\t\t<\/div>\n\t\t\t\t<\/div>\n\t\t\t\t<div class=\"elementor-element elementor-element-1fc53f2 elementor-widget elementor-widget-text-editor\" data-id=\"1fc53f2\" data-element_type=\"widget\" data-widget_type=\"text-editor.default\">\n\t\t\t\t<div class=\"elementor-widget-container\">\n\t\t\t\t\t\t\t\t\t<p>Cette formation, bas\u00e9e sur de la pratique, vous permettra d\u2019apprendre \u00e0 utiliser un tableur.\u00a0 Mais, qu\u2019est-ce un tableur\u00a0? Un tableur est un programme repr\u00e9sent\u00e9 sous la forme de colonnes, de lignes et de cellules qui vous permettrons de composer des listes d\u2019enregistrements, d\u2019effectuer des tris sur ces enregistrements, d\u2019effectuer des op\u00e9rations math\u00e9matiques, et bien d\u2019autres choses encore\u00a0!<\/p><p>Vous apprendrez \u00e0 ma\u00eetriser les fonctions principales du logiciel Excel\u00a0 : cr\u00e9er et modifier un tableau, saisir des donn\u00e9es et des formules, mettre en page la feuille, corriger, imprimer, etc&#8230;<\/p><h5>Pr\u00e9requis demand\u00e9<\/h5><p>Une bonne connaissance des fonctions de base telles que la s\u00e9lection, la copie, le d\u00e9placement, voir la suppression d&#8217;\u00e9l\u00e9ments, est \u00e9galement souhait\u00e9e.<\/p><p>Si vous n&#8217;\u00eates pas \u00e0 l&#8217;aise avec cela, pas de panique !\u00a0 La p&#8217;tite formation &#8220;Moi et le PC&#8221; est\u00a0 faite pour vous&#8230;<\/p><h5>Dur\u00e9e et localisation<\/h5><p style=\"font-size: 21px; text-align: left; color: #707070;\"><span style=\"color: #000000;\">La formation comprend 10 s\u00e9ances de 3 heures \u00e0 raison d\u2019une s\u00e9ance par semaine hors vacances scolaires et jours f\u00e9ri\u00e9s.\u00a0 Chaque s\u00e9ance est agr\u00e9ment\u00e9e d\u2019une pause-caf\u00e9.<\/span><\/p><p style=\"font-size: 21px; text-align: left; color: #000000;\">La formation se donne dans les locaux du club, au 1er \u00e9tage des Anciennes Ecuries du Ch\u00e2teau Communale de Ham-sur-Heure\/Nalinnes<\/p><h5 style=\"font-size: 21px; text-align: left; color: #000000;\">Nombre de participants<\/h5><p style=\"font-size: 21px; text-align: left; color: #000000;\">Cette formation de groupe est limit\u00e9e \u00e0 un maximum de 12 participants par session. Plusieurs sessions pourraient \u00eatre organis\u00e9es dans l\u2019ann\u00e9e acad\u00e9mique.<\/p><h5 style=\"font-size: 21px; text-align: left; color: #000000;\">Informations\u00a0<\/h5><p style=\"font-size: 21px; text-align: left; color: #000000;\">Pour toute demande d\u2019information, contactez le 071\/21.66.80 ou le 0498\/48.86.53.<\/p><p style=\"font-size: 21px; text-align: left; color: #000000;\"><span style=\"font-weight: bold;\">IMPORTANT<\/span>\u00a0: en cas d\u2019appel en absence, veuillez laisser votre nom, pr\u00e9nom, un num\u00e9ro de t\u00e9l\u00e9phone et en deux mots (pas trois\u2026) la raison de votre appel.\u00a0 Nous vous recontacterons avec plaisir.<\/p>\t\t\t\t\t\t\t\t<\/div>\n\t\t\t\t<\/div>\n\t\t\t\t<div class=\"elementor-element elementor-element-74a1dc9 elementor-widget elementor-widget-text-editor\" data-id=\"74a1dc9\" data-element_type=\"widget\" data-widget_type=\"text-editor.default\">\n\t\t\t\t<div class=\"elementor-widget-container\">\n\t\t\t\t\t\t\t\t\t<h4 style=\"font-size: 21px; text-align: left; color: #000000;\">Participation aux frais<\/h4><p style=\"font-size: 21px; text-align: left; color: #000000;\">Cette formation est gratuite pour les personnes qui r\u00e9sident dans l &#8216;Entit\u00e9 de Ham-sur-Heure \/ Nalinnes.<\/p><p style=\"font-size: 21px; text-align: left; color: #000000;\">Pour les personnes \u00ab\u00a0ext\u00e9rieures\u00a0\u00bb, une participation aux frais de 2\u20ac par s\u00e9ance sera demand\u00e9e. Cela inclut le caf\u00e9 \u2026<\/p>\t\t\t\t\t\t\t\t<\/div>\n\t\t\t\t<\/div>\n\t\t\t\t<div class=\"elementor-element elementor-element-f800852 elementor-widget elementor-widget-text-editor\" data-id=\"f800852\" data-element_type=\"widget\" data-widget_type=\"text-editor.default\">\n\t\t\t\t<div class=\"elementor-widget-container\">\n\t\t\t\t\t\t\t\t\t<p>L&#8217;organisation de la formation (<em>mise en place et d\u00e9finition du moment dans la semaine<\/em>) est fonction de la disponibilit\u00e9 de l&#8217;animateur et du nombre d&#8217;inscriptions.<\/p>\t\t\t\t\t\t\t\t<\/div>\n\t\t\t\t<\/div>\n\t\t\t\t\t<\/div>\n\t\t<\/div>\n\t\t\t\t\t<\/div>\n\t\t<\/section>\n\t\t\t\t<section class=\"elementor-section elementor-top-section elementor-element elementor-element-5256337 elementor-section-boxed elementor-section-height-default elementor-section-height-default\" data-id=\"5256337\" data-element_type=\"section\">\n\t\t\t\t\t\t<div class=\"elementor-container elementor-column-gap-default\">\n\t\t\t\t\t<div class=\"elementor-column elementor-col-100 elementor-top-column elementor-element elementor-element-01988a8\" data-id=\"01988a8\" data-element_type=\"column\">\n\t\t\t<div class=\"elementor-widget-wrap\">\n\t\t\t\t\t\t\t<\/div>\n\t\t<\/div>\n\t\t\t\t\t<\/div>\n\t\t<\/section>\n\t\t\t\t<\/div>\n\t\t","protected":false},"excerpt":{"rendered":"<p>Vers le formulaire de demande d&#8217;inscription ou de renseignements Cette formation, bas\u00e9e sur de la pratique, vous permettra d\u2019apprendre \u00e0 utiliser un tableur.\u00a0 Mais, qu\u2019est-ce un tableur\u00a0? Un tableur est un programme repr\u00e9sent\u00e9 sous la forme de colonnes, de lignes et de cellules qui vous permettrons de composer des listes d\u2019enregistrements, d\u2019effectuer des tris sur [&hellip;]<\/p>\n","protected":false},"author":1,"featured_media":0,"parent":0,"menu_order":0,"comment_status":"closed","ping_status":"closed","template":"","meta":{"footnotes":""},"class_list":["post-178","page","type-page","status-publish","hentry"],"yoast_head":"<!-- This site is optimized with the Yoast SEO plugin v26.2 - https:\/\/yoast.com\/wordpress\/plugins\/seo\/ -->\n<title>Excel (Tableur) -<\/title>\n<meta name=\"robots\" content=\"index, follow, max-snippet:-1, max-image-preview:large, max-video-preview:-1\" \/>\n<link rel=\"canonical\" href=\"https:\/\/www.informatiqueauchateau.be\/index.php\/tableur-excel\/\" \/>\n<meta property=\"og:locale\" content=\"en_US\" \/>\n<meta property=\"og:type\" content=\"article\" \/>\n<meta property=\"og:title\" content=\"Excel (Tableur) -\" \/>\n<meta property=\"og:description\" content=\"Vers le formulaire de demande d&#8217;inscription ou de renseignements Cette formation, bas\u00e9e sur de la pratique, vous permettra d\u2019apprendre \u00e0 utiliser un tableur.\u00a0 Mais, qu\u2019est-ce un tableur\u00a0? Un tableur est un programme repr\u00e9sent\u00e9 sous la forme de colonnes, de lignes et de cellules qui vous permettrons de composer des listes d\u2019enregistrements, d\u2019effectuer des tris sur [&hellip;]\" \/>\n<meta property=\"og:url\" content=\"https:\/\/www.informatiqueauchateau.be\/index.php\/tableur-excel\/\" \/>\n<meta property=\"article:modified_time\" content=\"2025-09-04T13:07:06+00:00\" \/>\n<meta property=\"og:image\" content=\"https:\/\/www.informatiqueauchateau.be\/wp-content\/uploads\/2024\/09\/Logo-2019-Banniere.png\" \/>\n\t<meta property=\"og:image:width\" content=\"1031\" \/>\n\t<meta property=\"og:image:height\" content=\"258\" \/>\n\t<meta property=\"og:image:type\" content=\"image\/png\" \/>\n<meta name=\"twitter:card\" content=\"summary_large_image\" \/>\n<meta name=\"twitter:label1\" content=\"Est. reading time\" \/>\n\t<meta name=\"twitter:data1\" content=\"2 minutes\" \/>\n<script type=\"application\/ld+json\" class=\"yoast-schema-graph\">{\"@context\":\"https:\/\/schema.org\",\"@graph\":[{\"@type\":\"WebPage\",\"@id\":\"https:\/\/www.informatiqueauchateau.be\/index.php\/tableur-excel\/\",\"url\":\"https:\/\/www.informatiqueauchateau.be\/index.php\/tableur-excel\/\",\"name\":\"Excel (Tableur) -\",\"isPartOf\":{\"@id\":\"https:\/\/www.informatiqueauchateau.be\/#website\"},\"primaryImageOfPage\":{\"@id\":\"https:\/\/www.informatiqueauchateau.be\/index.php\/tableur-excel\/#primaryimage\"},\"image\":{\"@id\":\"https:\/\/www.informatiqueauchateau.be\/index.php\/tableur-excel\/#primaryimage\"},\"thumbnailUrl\":\"https:\/\/www.informatiqueauchateau.be\/wp-content\/uploads\/2024\/09\/Logo-2019-Banniere-1024x256.png\",\"datePublished\":\"2019-12-27T16:27:43+00:00\",\"dateModified\":\"2025-09-04T13:07:06+00:00\",\"breadcrumb\":{\"@id\":\"https:\/\/www.informatiqueauchateau.be\/index.php\/tableur-excel\/#breadcrumb\"},\"inLanguage\":\"en-US\",\"potentialAction\":[{\"@type\":\"ReadAction\",\"target\":[\"https:\/\/www.informatiqueauchateau.be\/index.php\/tableur-excel\/\"]}]},{\"@type\":\"ImageObject\",\"inLanguage\":\"en-US\",\"@id\":\"https:\/\/www.informatiqueauchateau.be\/index.php\/tableur-excel\/#primaryimage\",\"url\":\"https:\/\/www.informatiqueauchateau.be\/wp-content\/uploads\/2024\/09\/Logo-2019-Banniere.png\",\"contentUrl\":\"https:\/\/www.informatiqueauchateau.be\/wp-content\/uploads\/2024\/09\/Logo-2019-Banniere.png\",\"width\":1031,\"height\":258},{\"@type\":\"BreadcrumbList\",\"@id\":\"https:\/\/www.informatiqueauchateau.be\/index.php\/tableur-excel\/#breadcrumb\",\"itemListElement\":[{\"@type\":\"ListItem\",\"position\":1,\"name\":\"Accueil\",\"item\":\"https:\/\/www.informatiqueauchateau.be\/\"},{\"@type\":\"ListItem\",\"position\":2,\"name\":\"Excel (Tableur)\"}]},{\"@type\":\"WebSite\",\"@id\":\"https:\/\/www.informatiqueauchateau.be\/#website\",\"url\":\"https:\/\/www.informatiqueauchateau.be\/\",\"name\":\"\",\"description\":\"\",\"potentialAction\":[{\"@type\":\"SearchAction\",\"target\":{\"@type\":\"EntryPoint\",\"urlTemplate\":\"https:\/\/www.informatiqueauchateau.be\/?s={search_term_string}\"},\"query-input\":{\"@type\":\"PropertyValueSpecification\",\"valueRequired\":true,\"valueName\":\"search_term_string\"}}],\"inLanguage\":\"en-US\"}]}<\/script>\n<!-- \/ Yoast SEO plugin. -->","yoast_head_json":{"title":"Excel (Tableur) -","robots":{"index":"index","follow":"follow","max-snippet":"max-snippet:-1","max-image-preview":"max-image-preview:large","max-video-preview":"max-video-preview:-1"},"canonical":"https:\/\/www.informatiqueauchateau.be\/index.php\/tableur-excel\/","og_locale":"en_US","og_type":"article","og_title":"Excel (Tableur) -","og_description":"Vers le formulaire de demande d&#8217;inscription ou de renseignements Cette formation, bas\u00e9e sur de la pratique, vous permettra d\u2019apprendre \u00e0 utiliser un tableur.\u00a0 Mais, qu\u2019est-ce un tableur\u00a0? Un tableur est un programme repr\u00e9sent\u00e9 sous la forme de colonnes, de lignes et de cellules qui vous permettrons de composer des listes d\u2019enregistrements, d\u2019effectuer des tris sur [&hellip;]","og_url":"https:\/\/www.informatiqueauchateau.be\/index.php\/tableur-excel\/","article_modified_time":"2025-09-04T13:07:06+00:00","og_image":[{"width":1031,"height":258,"url":"https:\/\/www.informatiqueauchateau.be\/wp-content\/uploads\/2024\/09\/Logo-2019-Banniere.png","type":"image\/png"}],"twitter_card":"summary_large_image","twitter_misc":{"Est. reading time":"2 minutes"},"schema":{"@context":"https:\/\/schema.org","@graph":[{"@type":"WebPage","@id":"https:\/\/www.informatiqueauchateau.be\/index.php\/tableur-excel\/","url":"https:\/\/www.informatiqueauchateau.be\/index.php\/tableur-excel\/","name":"Excel (Tableur) -","isPartOf":{"@id":"https:\/\/www.informatiqueauchateau.be\/#website"},"primaryImageOfPage":{"@id":"https:\/\/www.informatiqueauchateau.be\/index.php\/tableur-excel\/#primaryimage"},"image":{"@id":"https:\/\/www.informatiqueauchateau.be\/index.php\/tableur-excel\/#primaryimage"},"thumbnailUrl":"https:\/\/www.informatiqueauchateau.be\/wp-content\/uploads\/2024\/09\/Logo-2019-Banniere-1024x256.png","datePublished":"2019-12-27T16:27:43+00:00","dateModified":"2025-09-04T13:07:06+00:00","breadcrumb":{"@id":"https:\/\/www.informatiqueauchateau.be\/index.php\/tableur-excel\/#breadcrumb"},"inLanguage":"en-US","potentialAction":[{"@type":"ReadAction","target":["https:\/\/www.informatiqueauchateau.be\/index.php\/tableur-excel\/"]}]},{"@type":"ImageObject","inLanguage":"en-US","@id":"https:\/\/www.informatiqueauchateau.be\/index.php\/tableur-excel\/#primaryimage","url":"https:\/\/www.informatiqueauchateau.be\/wp-content\/uploads\/2024\/09\/Logo-2019-Banniere.png","contentUrl":"https:\/\/www.informatiqueauchateau.be\/wp-content\/uploads\/2024\/09\/Logo-2019-Banniere.png","width":1031,"height":258},{"@type":"BreadcrumbList","@id":"https:\/\/www.informatiqueauchateau.be\/index.php\/tableur-excel\/#breadcrumb","itemListElement":[{"@type":"ListItem","position":1,"name":"Accueil","item":"https:\/\/www.informatiqueauchateau.be\/"},{"@type":"ListItem","position":2,"name":"Excel (Tableur)"}]},{"@type":"WebSite","@id":"https:\/\/www.informatiqueauchateau.be\/#website","url":"https:\/\/www.informatiqueauchateau.be\/","name":"","description":"","potentialAction":[{"@type":"SearchAction","target":{"@type":"EntryPoint","urlTemplate":"https:\/\/www.informatiqueauchateau.be\/?s={search_term_string}"},"query-input":{"@type":"PropertyValueSpecification","valueRequired":true,"valueName":"search_term_string"}}],"inLanguage":"en-US"}]}},"_links":{"self":[{"href":"https:\/\/www.informatiqueauchateau.be\/index.php\/wp-json\/wp\/v2\/pages\/178","targetHints":{"allow":["GET"]}}],"collection":[{"href":"https:\/\/www.informatiqueauchateau.be\/index.php\/wp-json\/wp\/v2\/pages"}],"about":[{"href":"https:\/\/www.informatiqueauchateau.be\/index.php\/wp-json\/wp\/v2\/types\/page"}],"author":[{"embeddable":true,"href":"https:\/\/www.informatiqueauchateau.be\/index.php\/wp-json\/wp\/v2\/users\/1"}],"replies":[{"embeddable":true,"href":"https:\/\/www.informatiqueauchateau.be\/index.php\/wp-json\/wp\/v2\/comments?post=178"}],"version-history":[{"count":45,"href":"https:\/\/www.informatiqueauchateau.be\/index.php\/wp-json\/wp\/v2\/pages\/178\/revisions"}],"predecessor-version":[{"id":5352,"href":"https:\/\/www.informatiqueauchateau.be\/index.php\/wp-json\/wp\/v2\/pages\/178\/revisions\/5352"}],"wp:attachment":[{"href":"https:\/\/www.informatiqueauchateau.be\/index.php\/wp-json\/wp\/v2\/media?parent=178"}],"curies":[{"name":"wp","href":"https:\/\/api.w.org\/{rel}","templated":true}]}}