{"id":33,"date":"2019-12-05T07:26:34","date_gmt":"2019-12-05T06:26:34","guid":{"rendered":"https:\/\/www.informatiqueauchateau.be\/?page_id=33"},"modified":"2019-12-22T20:16:42","modified_gmt":"2019-12-22T19:16:42","slug":"rencontres-hebdomadaires","status":"publish","type":"page","link":"https:\/\/www.informatiqueauchateau.be\/index.php\/rencontres-hebdomadaires\/","title":{"rendered":"Rencontres hebdomadaires"},"content":{"rendered":"\n<p>Durant les p\u00e9riodes scolaires, nos rencontres hebdomadaires se tiennent chaque&nbsp;<strong>lundi <\/strong>de<strong> 14 heures <\/strong>\u00e0<strong> 17 heures<\/strong>&nbsp;et chaque&nbsp;<strong>vendredi <\/strong>de<strong> 9 heures <\/strong>\u00e0<strong> 12 heures<\/strong>.<\/p>\n\n\n\n<p>Nous nous trouvons \u00e0 l\u2019\u00e9tage des Anciennes \u00c9curies du ch\u00e2teau d\u2019Ham-sur-Heure\/Nalinnes, Chemin d\u2019Oultre Heure, 20 \u00e0 Ham-sur-Heure\/Nalinnes.<\/p>\n\n\n\n<p><\/p>\n\n\n\n<p>Sans obligation de r\u00e9sultat, des b\u00e9n\u00e9voles vous accueillent pour\naborder avec vous, les petits probl\u00e8mes informatiques. L\u2019esprit convivial\nconduit \u00e9galement \u00e0 partager, voire \u00e0 acqu\u00e9rir de nouvelles connaissances,\nastuces, bonnes pratiques, etc\u2026 dans l\u2019utilisations de l\u2019informatique de tous\nles jours.<\/p>\n\n\n\n<p>Outre la mise \u00e0 disposition d\u2019ordinateurs, une connexion \u00e0 l\u2019internet est disponible.  Vous pouvez venir avec votre \u00e9quipement. <strong>&nbsp;<em>L\u2019utilisation des \u00e9quipements du club et\/ou de la connexion internet implique l\u2019adh\u00e9sion automatique et sans r\u00e9serve, aux termes du R\u00e8glement int\u00e9rieur du Club.&nbsp;<\/em><\/strong><\/p>\n\n\n\n<p>Aucune cotisation annuelle n\u2019\u00e9tant demand\u00e9e, une participation aux\nfrais de 2\u20ac vous sera demand\u00e9e lors de votre visite.&nbsp;Le caf\u00e9 et le biscuit\nvous sont offerts !&nbsp;<\/p>\n\n\n\n<p><strong>Souhaitez-vous une\nassistance particuli\u00e8re?<\/strong><\/p>\n\n\n\n<p>Peut-\u00eatre avez-vous un besoin particulier n\u00e9cessitant une aide\nplus sp\u00e9cifique? Par exemple, la pr\u00e9paration d\u2019une pr\u00e9sentation en PowerPoint,\nl\u2019utilisation d\u2019un logiciel, l\u2019utilisation de sa messagerie \u00e9lectronique, voire\nl\u2019utilisation de son smartphone, etc\u2026, les domaines sont vastes !&nbsp;<\/p>\n\n\n\n<p>Alors dans ce cas, vous pouvez appeler le 0498\/48.86.53. Un\nrendez-vous pour une heure d\u2019assistance personnalis\u00e9e sera fix\u00e9 soit le lundi,\nsoit le vendredi.<\/p>\n\n\n\n<p>Une paf<strong>&nbsp;<em>totale<\/em><\/strong>&nbsp;de 3\u20ac est demand\u00e9e aux\nhabitants de l\u2019Entit\u00e9 et de 5\u20ac pour les personnes hors Entit\u00e9.&nbsp; Le caf\u00e9 et\nle biscuit vous sont \u00e9galement offerts !&nbsp;<\/p>\n","protected":false},"excerpt":{"rendered":"<p>Durant les p\u00e9riodes scolaires, nos rencontres hebdomadaires se tiennent chaque&nbsp;lundi de 14 heures \u00e0 17 heures&nbsp;et chaque&nbsp;vendredi de 9 heures \u00e0 12 heures. Nous nous trouvons \u00e0 l\u2019\u00e9tage des Anciennes \u00c9curies du ch\u00e2teau d\u2019Ham-sur-Heure\/Nalinnes, Chemin d\u2019Oultre Heure, 20 \u00e0 Ham-sur-Heure\/Nalinnes. Sans obligation de r\u00e9sultat, des b\u00e9n\u00e9voles vous accueillent pour aborder avec vous, les petits probl\u00e8mes [&hellip;]<\/p>\n","protected":false},"author":1,"featured_media":0,"parent":0,"menu_order":0,"comment_status":"closed","ping_status":"closed","template":"","meta":{"footnotes":""},"class_list":["post-33","page","type-page","status-publish","hentry"],"yoast_head":"<!-- This site is optimized with the Yoast SEO plugin v26.2 - https:\/\/yoast.com\/wordpress\/plugins\/seo\/ -->\n<title>Rencontres hebdomadaires -<\/title>\n<meta name=\"robots\" content=\"index, follow, max-snippet:-1, max-image-preview:large, max-video-preview:-1\" \/>\n<link rel=\"canonical\" href=\"https:\/\/www.informatiqueauchateau.be\/index.php\/rencontres-hebdomadaires\/\" \/>\n<meta property=\"og:locale\" content=\"en_US\" \/>\n<meta property=\"og:type\" content=\"article\" \/>\n<meta property=\"og:title\" content=\"Rencontres hebdomadaires -\" \/>\n<meta property=\"og:description\" content=\"Durant les p\u00e9riodes scolaires, nos rencontres hebdomadaires se tiennent chaque&nbsp;lundi de 14 heures \u00e0 17 heures&nbsp;et chaque&nbsp;vendredi de 9 heures \u00e0 12 heures. Nous nous trouvons \u00e0 l\u2019\u00e9tage des Anciennes \u00c9curies du ch\u00e2teau d\u2019Ham-sur-Heure\/Nalinnes, Chemin d\u2019Oultre Heure, 20 \u00e0 Ham-sur-Heure\/Nalinnes. Sans obligation de r\u00e9sultat, des b\u00e9n\u00e9voles vous accueillent pour aborder avec vous, les petits probl\u00e8mes [&hellip;]\" \/>\n<meta property=\"og:url\" content=\"https:\/\/www.informatiqueauchateau.be\/index.php\/rencontres-hebdomadaires\/\" \/>\n<meta property=\"article:modified_time\" content=\"2019-12-22T19:16:42+00:00\" \/>\n<meta name=\"twitter:card\" content=\"summary_large_image\" \/>\n<meta name=\"twitter:label1\" content=\"Est. reading time\" \/>\n\t<meta name=\"twitter:data1\" content=\"1 minute\" \/>\n<script type=\"application\/ld+json\" class=\"yoast-schema-graph\">{\"@context\":\"https:\/\/schema.org\",\"@graph\":[{\"@type\":\"WebPage\",\"@id\":\"https:\/\/www.informatiqueauchateau.be\/index.php\/rencontres-hebdomadaires\/\",\"url\":\"https:\/\/www.informatiqueauchateau.be\/index.php\/rencontres-hebdomadaires\/\",\"name\":\"Rencontres hebdomadaires -\",\"isPartOf\":{\"@id\":\"https:\/\/www.informatiqueauchateau.be\/#website\"},\"datePublished\":\"2019-12-05T06:26:34+00:00\",\"dateModified\":\"2019-12-22T19:16:42+00:00\",\"breadcrumb\":{\"@id\":\"https:\/\/www.informatiqueauchateau.be\/index.php\/rencontres-hebdomadaires\/#breadcrumb\"},\"inLanguage\":\"en-US\",\"potentialAction\":[{\"@type\":\"ReadAction\",\"target\":[\"https:\/\/www.informatiqueauchateau.be\/index.php\/rencontres-hebdomadaires\/\"]}]},{\"@type\":\"BreadcrumbList\",\"@id\":\"https:\/\/www.informatiqueauchateau.be\/index.php\/rencontres-hebdomadaires\/#breadcrumb\",\"itemListElement\":[{\"@type\":\"ListItem\",\"position\":1,\"name\":\"Accueil\",\"item\":\"https:\/\/www.informatiqueauchateau.be\/\"},{\"@type\":\"ListItem\",\"position\":2,\"name\":\"Rencontres hebdomadaires\"}]},{\"@type\":\"WebSite\",\"@id\":\"https:\/\/www.informatiqueauchateau.be\/#website\",\"url\":\"https:\/\/www.informatiqueauchateau.be\/\",\"name\":\"\",\"description\":\"\",\"potentialAction\":[{\"@type\":\"SearchAction\",\"target\":{\"@type\":\"EntryPoint\",\"urlTemplate\":\"https:\/\/www.informatiqueauchateau.be\/?s={search_term_string}\"},\"query-input\":{\"@type\":\"PropertyValueSpecification\",\"valueRequired\":true,\"valueName\":\"search_term_string\"}}],\"inLanguage\":\"en-US\"}]}<\/script>\n<!-- \/ Yoast SEO plugin. -->","yoast_head_json":{"title":"Rencontres hebdomadaires -","robots":{"index":"index","follow":"follow","max-snippet":"max-snippet:-1","max-image-preview":"max-image-preview:large","max-video-preview":"max-video-preview:-1"},"canonical":"https:\/\/www.informatiqueauchateau.be\/index.php\/rencontres-hebdomadaires\/","og_locale":"en_US","og_type":"article","og_title":"Rencontres hebdomadaires -","og_description":"Durant les p\u00e9riodes scolaires, nos rencontres hebdomadaires se tiennent chaque&nbsp;lundi de 14 heures \u00e0 17 heures&nbsp;et chaque&nbsp;vendredi de 9 heures \u00e0 12 heures. Nous nous trouvons \u00e0 l\u2019\u00e9tage des Anciennes \u00c9curies du ch\u00e2teau d\u2019Ham-sur-Heure\/Nalinnes, Chemin d\u2019Oultre Heure, 20 \u00e0 Ham-sur-Heure\/Nalinnes. Sans obligation de r\u00e9sultat, des b\u00e9n\u00e9voles vous accueillent pour aborder avec vous, les petits probl\u00e8mes [&hellip;]","og_url":"https:\/\/www.informatiqueauchateau.be\/index.php\/rencontres-hebdomadaires\/","article_modified_time":"2019-12-22T19:16:42+00:00","twitter_card":"summary_large_image","twitter_misc":{"Est. reading time":"1 minute"},"schema":{"@context":"https:\/\/schema.org","@graph":[{"@type":"WebPage","@id":"https:\/\/www.informatiqueauchateau.be\/index.php\/rencontres-hebdomadaires\/","url":"https:\/\/www.informatiqueauchateau.be\/index.php\/rencontres-hebdomadaires\/","name":"Rencontres hebdomadaires -","isPartOf":{"@id":"https:\/\/www.informatiqueauchateau.be\/#website"},"datePublished":"2019-12-05T06:26:34+00:00","dateModified":"2019-12-22T19:16:42+00:00","breadcrumb":{"@id":"https:\/\/www.informatiqueauchateau.be\/index.php\/rencontres-hebdomadaires\/#breadcrumb"},"inLanguage":"en-US","potentialAction":[{"@type":"ReadAction","target":["https:\/\/www.informatiqueauchateau.be\/index.php\/rencontres-hebdomadaires\/"]}]},{"@type":"BreadcrumbList","@id":"https:\/\/www.informatiqueauchateau.be\/index.php\/rencontres-hebdomadaires\/#breadcrumb","itemListElement":[{"@type":"ListItem","position":1,"name":"Accueil","item":"https:\/\/www.informatiqueauchateau.be\/"},{"@type":"ListItem","position":2,"name":"Rencontres hebdomadaires"}]},{"@type":"WebSite","@id":"https:\/\/www.informatiqueauchateau.be\/#website","url":"https:\/\/www.informatiqueauchateau.be\/","name":"","description":"","potentialAction":[{"@type":"SearchAction","target":{"@type":"EntryPoint","urlTemplate":"https:\/\/www.informatiqueauchateau.be\/?s={search_term_string}"},"query-input":{"@type":"PropertyValueSpecification","valueRequired":true,"valueName":"search_term_string"}}],"inLanguage":"en-US"}]}},"_links":{"self":[{"href":"https:\/\/www.informatiqueauchateau.be\/index.php\/wp-json\/wp\/v2\/pages\/33","targetHints":{"allow":["GET"]}}],"collection":[{"href":"https:\/\/www.informatiqueauchateau.be\/index.php\/wp-json\/wp\/v2\/pages"}],"about":[{"href":"https:\/\/www.informatiqueauchateau.be\/index.php\/wp-json\/wp\/v2\/types\/page"}],"author":[{"embeddable":true,"href":"https:\/\/www.informatiqueauchateau.be\/index.php\/wp-json\/wp\/v2\/users\/1"}],"replies":[{"embeddable":true,"href":"https:\/\/www.informatiqueauchateau.be\/index.php\/wp-json\/wp\/v2\/comments?post=33"}],"version-history":[{"count":5,"href":"https:\/\/www.informatiqueauchateau.be\/index.php\/wp-json\/wp\/v2\/pages\/33\/revisions"}],"predecessor-version":[{"id":162,"href":"https:\/\/www.informatiqueauchateau.be\/index.php\/wp-json\/wp\/v2\/pages\/33\/revisions\/162"}],"wp:attachment":[{"href":"https:\/\/www.informatiqueauchateau.be\/index.php\/wp-json\/wp\/v2\/media?parent=33"}],"curies":[{"name":"wp","href":"https:\/\/api.w.org\/{rel}","templated":true}]}}