{"id":342,"date":"2020-02-11T18:51:03","date_gmt":"2020-02-11T17:51:03","guid":{"rendered":"https:\/\/www.informatiqueauchateau.be\/?page_id=342"},"modified":"2024-01-06T16:03:41","modified_gmt":"2024-01-06T15:03:41","slug":"notre-histoire","status":"publish","type":"page","link":"https:\/\/www.informatiqueauchateau.be\/index.php\/notre-histoire\/","title":{"rendered":"Notre Histoire"},"content":{"rendered":"\t\t<div data-elementor-type=\"wp-page\" data-elementor-id=\"342\" class=\"elementor elementor-342\">\n\t\t\t\t\t\t<section class=\"elementor-section elementor-top-section elementor-element elementor-element-8cf1511 elementor-section-stretched elementor-section-boxed elementor-section-height-default elementor-section-height-default\" data-id=\"8cf1511\" data-element_type=\"section\" data-settings=\"{&quot;stretch_section&quot;:&quot;section-stretched&quot;}\">\n\t\t\t\t\t\t<div class=\"elementor-container elementor-column-gap-default\">\n\t\t\t\t\t<div class=\"elementor-column elementor-col-100 elementor-top-column elementor-element elementor-element-830669f\" data-id=\"830669f\" data-element_type=\"column\">\n\t\t\t<div class=\"elementor-widget-wrap elementor-element-populated\">\n\t\t\t\t\t\t<div class=\"elementor-element elementor-element-8631a31 elementor-widget elementor-widget-text-editor\" data-id=\"8631a31\" data-element_type=\"widget\" data-widget_type=\"text-editor.default\">\n\t\t\t\t<div class=\"elementor-widget-container\">\n\t\t\t\t\t\t\t\t\t<p>Le club informatique a vu le jour \u00e0 Charleroi en 1997 et fut cr\u00e9\u00e9 par Messieurs A. Baudson et R. Wiame, \u00e9paul\u00e9s par plusieurs b\u00e9n\u00e9voles.<\/p><p>Au d\u00e9part, leur objectif \u00e9tait de proposer des initiations \u00e0 l\u2019informatique aux seniors qui n\u2019avaient pas eu l\u2019occasion de s\u2019en servir dans le cadre de leur vie professionnelle ou autre.<\/p><p>En mars 2006, le club a \u00e9t\u00e9 priv\u00e9 de son local \u00e0 Charleroi et c\u2019est \u00e0 Ham-sur-Heure, qu\u2019il a trouv\u00e9 refuge avec le soutien du d\u00e9put\u00e9 bourgmestre Yves Binon et de l\u2019ensemble du coll\u00e8ge qui a accept\u00e9 l\u2019id\u00e9e d\u2019\u2019h\u00e9bergement du club.\u00a0 Dans la foul\u00e9e, il a \u00e9t\u00e9 \u00e9tabli une convention d\u2019occupation des anciennes \u00e9curies du ch\u00e2teau.<\/p><p>Rapidement, le coll\u00e8ge a compris l\u2019opportunit\u00e9 d\u2019avoir chez nous, ces cours \u00e0 l\u2019\u00e9poque si demand\u00e9s et dont le succ\u00e8s ne tarit pas\u00a0!!!.<\/p><h4>\u00a0 \u00a0 \u00a0 \u00a0 \u00a0 \u00a0 \u00a0 \u00a0 \u00a0 \u00a0 \u00a0 \u00a0 \u00a0 \u00a0 \u00a0 \u00a0 \u00a0&#8220;L&#8217;Informatique au Ch\u00e2teau&#8221; \u00e9tait n\u00e9 !<\/h4><p>Les cours, apr\u00e8s plusieurs ann\u00e9es de fonctionnement, rencontrent un succ\u00e8s tr\u00e8s important et attirent non seulement des personnes de l\u2019Entit\u00e9 (seniors ou non) mais \u00e9galement, des personnes d\u2019autres communes environnantes.<\/p><p>Monsieur A. Baudson, second\u00e9 par son \u00e9pouse et aid\u00e9 d\u2019un petit comit\u00e9, d\u00e9clarait lors d\u2019un entretien avec L\u2019Avenir.net\u00a0: \u00ab\u00a0 Les animateurs sont tous b\u00e9n\u00e9voles.\u00a0\u00bb, encha\u00eenant ensuite, \u00ab\u00a0en ce qui concerne les personnes qui s\u2019inscrivent \u00e0 nos formations informatiques, ils souhaitent acqu\u00e9rir des connaissances informatiques devenues indispensables \u00e0 l\u2019heure actuelle.\u00a0\u00bb<\/p><p>Apr\u00e8s ces nombreuses ann\u00e9es \u00e0 la pr\u00e9sidence du club, Andr\u00e9 a d\u00e9cid\u00e9 de c\u00e9der la place et a choisi J. Moreau pour lui succ\u00e9der (01 janvier 2014).\u00a0 Jean a quitt\u00e9 ses fonctions pr\u00e9sidentielles en octobre 2018.\u00a0 Depuis 2019, J. Gathon assure la pr\u00e9sidence du club.<\/p><p>Devant l&#8217;\u00e9volution exponentielle de l&#8217;informatique dans notre vie de tous les jours, nous devons sans cesse nous remettre en question afin d&#8217;offrir aux participants les moyens de faire face \u00e0 la &#8220;vuln\u00e9rabilit\u00e9 num\u00e9rique&#8221; que se soit tant au point de vue technologique que s\u00e9curitaire.<\/p>\t\t\t\t\t\t\t\t<\/div>\n\t\t\t\t<\/div>\n\t\t\t\t\t<\/div>\n\t\t<\/div>\n\t\t\t\t\t<\/div>\n\t\t<\/section>\n\t\t\t\t<\/div>\n\t\t","protected":false},"excerpt":{"rendered":"<p>Le club informatique a vu le jour \u00e0 Charleroi en 1997 et fut cr\u00e9\u00e9 par Messieurs A. Baudson et R. Wiame, \u00e9paul\u00e9s par plusieurs b\u00e9n\u00e9voles. Au d\u00e9part, leur objectif \u00e9tait de proposer des initiations \u00e0 l\u2019informatique aux seniors qui n\u2019avaient pas eu l\u2019occasion de s\u2019en servir dans le cadre de leur vie professionnelle ou autre. [&hellip;]<\/p>\n","protected":false},"author":1,"featured_media":0,"parent":0,"menu_order":0,"comment_status":"closed","ping_status":"closed","template":"","meta":{"footnotes":""},"class_list":["post-342","page","type-page","status-publish","hentry"],"yoast_head":"<!-- This site is optimized with the Yoast SEO plugin v26.2 - https:\/\/yoast.com\/wordpress\/plugins\/seo\/ -->\n<title>Notre Histoire -<\/title>\n<meta name=\"robots\" content=\"index, follow, max-snippet:-1, max-image-preview:large, max-video-preview:-1\" \/>\n<link rel=\"canonical\" href=\"https:\/\/www.informatiqueauchateau.be\/index.php\/notre-histoire\/\" \/>\n<meta property=\"og:locale\" content=\"en_US\" \/>\n<meta property=\"og:type\" content=\"article\" \/>\n<meta property=\"og:title\" content=\"Notre Histoire -\" \/>\n<meta property=\"og:description\" content=\"Le club informatique a vu le jour \u00e0 Charleroi en 1997 et fut cr\u00e9\u00e9 par Messieurs A. Baudson et R. Wiame, \u00e9paul\u00e9s par plusieurs b\u00e9n\u00e9voles. Au d\u00e9part, leur objectif \u00e9tait de proposer des initiations \u00e0 l\u2019informatique aux seniors qui n\u2019avaient pas eu l\u2019occasion de s\u2019en servir dans le cadre de leur vie professionnelle ou autre. [&hellip;]\" \/>\n<meta property=\"og:url\" content=\"https:\/\/www.informatiqueauchateau.be\/index.php\/notre-histoire\/\" \/>\n<meta property=\"article:modified_time\" content=\"2024-01-06T15:03:41+00:00\" \/>\n<meta name=\"twitter:card\" content=\"summary_large_image\" \/>\n<meta name=\"twitter:label1\" content=\"Est. reading time\" \/>\n\t<meta name=\"twitter:data1\" content=\"2 minutes\" \/>\n<script type=\"application\/ld+json\" class=\"yoast-schema-graph\">{\"@context\":\"https:\/\/schema.org\",\"@graph\":[{\"@type\":\"WebPage\",\"@id\":\"https:\/\/www.informatiqueauchateau.be\/index.php\/notre-histoire\/\",\"url\":\"https:\/\/www.informatiqueauchateau.be\/index.php\/notre-histoire\/\",\"name\":\"Notre Histoire -\",\"isPartOf\":{\"@id\":\"https:\/\/www.informatiqueauchateau.be\/#website\"},\"datePublished\":\"2020-02-11T17:51:03+00:00\",\"dateModified\":\"2024-01-06T15:03:41+00:00\",\"breadcrumb\":{\"@id\":\"https:\/\/www.informatiqueauchateau.be\/index.php\/notre-histoire\/#breadcrumb\"},\"inLanguage\":\"en-US\",\"potentialAction\":[{\"@type\":\"ReadAction\",\"target\":[\"https:\/\/www.informatiqueauchateau.be\/index.php\/notre-histoire\/\"]}]},{\"@type\":\"BreadcrumbList\",\"@id\":\"https:\/\/www.informatiqueauchateau.be\/index.php\/notre-histoire\/#breadcrumb\",\"itemListElement\":[{\"@type\":\"ListItem\",\"position\":1,\"name\":\"Accueil\",\"item\":\"https:\/\/www.informatiqueauchateau.be\/\"},{\"@type\":\"ListItem\",\"position\":2,\"name\":\"Notre Histoire\"}]},{\"@type\":\"WebSite\",\"@id\":\"https:\/\/www.informatiqueauchateau.be\/#website\",\"url\":\"https:\/\/www.informatiqueauchateau.be\/\",\"name\":\"\",\"description\":\"\",\"potentialAction\":[{\"@type\":\"SearchAction\",\"target\":{\"@type\":\"EntryPoint\",\"urlTemplate\":\"https:\/\/www.informatiqueauchateau.be\/?s={search_term_string}\"},\"query-input\":{\"@type\":\"PropertyValueSpecification\",\"valueRequired\":true,\"valueName\":\"search_term_string\"}}],\"inLanguage\":\"en-US\"}]}<\/script>\n<!-- \/ Yoast SEO plugin. -->","yoast_head_json":{"title":"Notre Histoire -","robots":{"index":"index","follow":"follow","max-snippet":"max-snippet:-1","max-image-preview":"max-image-preview:large","max-video-preview":"max-video-preview:-1"},"canonical":"https:\/\/www.informatiqueauchateau.be\/index.php\/notre-histoire\/","og_locale":"en_US","og_type":"article","og_title":"Notre Histoire -","og_description":"Le club informatique a vu le jour \u00e0 Charleroi en 1997 et fut cr\u00e9\u00e9 par Messieurs A. Baudson et R. Wiame, \u00e9paul\u00e9s par plusieurs b\u00e9n\u00e9voles. Au d\u00e9part, leur objectif \u00e9tait de proposer des initiations \u00e0 l\u2019informatique aux seniors qui n\u2019avaient pas eu l\u2019occasion de s\u2019en servir dans le cadre de leur vie professionnelle ou autre. [&hellip;]","og_url":"https:\/\/www.informatiqueauchateau.be\/index.php\/notre-histoire\/","article_modified_time":"2024-01-06T15:03:41+00:00","twitter_card":"summary_large_image","twitter_misc":{"Est. reading time":"2 minutes"},"schema":{"@context":"https:\/\/schema.org","@graph":[{"@type":"WebPage","@id":"https:\/\/www.informatiqueauchateau.be\/index.php\/notre-histoire\/","url":"https:\/\/www.informatiqueauchateau.be\/index.php\/notre-histoire\/","name":"Notre Histoire -","isPartOf":{"@id":"https:\/\/www.informatiqueauchateau.be\/#website"},"datePublished":"2020-02-11T17:51:03+00:00","dateModified":"2024-01-06T15:03:41+00:00","breadcrumb":{"@id":"https:\/\/www.informatiqueauchateau.be\/index.php\/notre-histoire\/#breadcrumb"},"inLanguage":"en-US","potentialAction":[{"@type":"ReadAction","target":["https:\/\/www.informatiqueauchateau.be\/index.php\/notre-histoire\/"]}]},{"@type":"BreadcrumbList","@id":"https:\/\/www.informatiqueauchateau.be\/index.php\/notre-histoire\/#breadcrumb","itemListElement":[{"@type":"ListItem","position":1,"name":"Accueil","item":"https:\/\/www.informatiqueauchateau.be\/"},{"@type":"ListItem","position":2,"name":"Notre Histoire"}]},{"@type":"WebSite","@id":"https:\/\/www.informatiqueauchateau.be\/#website","url":"https:\/\/www.informatiqueauchateau.be\/","name":"","description":"","potentialAction":[{"@type":"SearchAction","target":{"@type":"EntryPoint","urlTemplate":"https:\/\/www.informatiqueauchateau.be\/?s={search_term_string}"},"query-input":{"@type":"PropertyValueSpecification","valueRequired":true,"valueName":"search_term_string"}}],"inLanguage":"en-US"}]}},"_links":{"self":[{"href":"https:\/\/www.informatiqueauchateau.be\/index.php\/wp-json\/wp\/v2\/pages\/342","targetHints":{"allow":["GET"]}}],"collection":[{"href":"https:\/\/www.informatiqueauchateau.be\/index.php\/wp-json\/wp\/v2\/pages"}],"about":[{"href":"https:\/\/www.informatiqueauchateau.be\/index.php\/wp-json\/wp\/v2\/types\/page"}],"author":[{"embeddable":true,"href":"https:\/\/www.informatiqueauchateau.be\/index.php\/wp-json\/wp\/v2\/users\/1"}],"replies":[{"embeddable":true,"href":"https:\/\/www.informatiqueauchateau.be\/index.php\/wp-json\/wp\/v2\/comments?post=342"}],"version-history":[{"count":17,"href":"https:\/\/www.informatiqueauchateau.be\/index.php\/wp-json\/wp\/v2\/pages\/342\/revisions"}],"predecessor-version":[{"id":4005,"href":"https:\/\/www.informatiqueauchateau.be\/index.php\/wp-json\/wp\/v2\/pages\/342\/revisions\/4005"}],"wp:attachment":[{"href":"https:\/\/www.informatiqueauchateau.be\/index.php\/wp-json\/wp\/v2\/media?parent=342"}],"curies":[{"name":"wp","href":"https:\/\/api.w.org\/{rel}","templated":true}]}}