{"id":4537,"date":"2024-09-02T17:10:35","date_gmt":"2024-09-02T15:10:35","guid":{"rendered":"https:\/\/www.informatiqueauchateau.be\/?page_id=4537"},"modified":"2025-09-30T07:23:02","modified_gmt":"2025-09-30T05:23:02","slug":"windows-11","status":"publish","type":"page","link":"https:\/\/www.informatiqueauchateau.be\/index.php\/windows-11\/","title":{"rendered":"Windows 11"},"content":{"rendered":"\t\t<div data-elementor-type=\"wp-page\" data-elementor-id=\"4537\" class=\"elementor elementor-4537\">\n\t\t\t\t\t\t<section class=\"elementor-section elementor-top-section elementor-element elementor-element-61f14ba elementor-section-boxed elementor-section-height-default elementor-section-height-default\" data-id=\"61f14ba\" data-element_type=\"section\">\n\t\t\t\t\t\t<div class=\"elementor-container elementor-column-gap-default\">\n\t\t\t\t\t<div class=\"elementor-column elementor-col-100 elementor-top-column elementor-element elementor-element-e848008\" data-id=\"e848008\" data-element_type=\"column\">\n\t\t\t<div class=\"elementor-widget-wrap elementor-element-populated\">\n\t\t\t\t\t\t<div class=\"elementor-element elementor-element-25a0bcf elementor-widget elementor-widget-image\" data-id=\"25a0bcf\" data-element_type=\"widget\" data-widget_type=\"image.default\">\n\t\t\t\t<div class=\"elementor-widget-container\">\n\t\t\t\t\t\t\t\t\t\t\t\t\t\t\t<img fetchpriority=\"high\" decoding=\"async\" width=\"580\" height=\"145\" src=\"https:\/\/www.informatiqueauchateau.be\/wp-content\/uploads\/2024\/09\/Logo-2019-Banniere-1024x256.png\" class=\"attachment-large size-large wp-image-4681\" alt=\"\" srcset=\"https:\/\/www.informatiqueauchateau.be\/wp-content\/uploads\/2024\/09\/Logo-2019-Banniere-1024x256.png 1024w, https:\/\/www.informatiqueauchateau.be\/wp-content\/uploads\/2024\/09\/Logo-2019-Banniere-300x75.png 300w, https:\/\/www.informatiqueauchateau.be\/wp-content\/uploads\/2024\/09\/Logo-2019-Banniere-768x192.png 768w, https:\/\/www.informatiqueauchateau.be\/wp-content\/uploads\/2024\/09\/Logo-2019-Banniere.png 1031w\" sizes=\"(max-width: 580px) 100vw, 580px\" \/>\t\t\t\t\t\t\t\t\t\t\t\t\t\t\t<\/div>\n\t\t\t\t<\/div>\n\t\t\t\t<div class=\"elementor-element elementor-element-21ea7c3 elementor-align-center elementor-widget elementor-widget-button\" data-id=\"21ea7c3\" data-element_type=\"widget\" data-widget_type=\"button.default\">\n\t\t\t\t<div class=\"elementor-widget-container\">\n\t\t\t\t\t\t\t\t\t<div class=\"elementor-button-wrapper\">\n\t\t\t\t\t<a class=\"elementor-button elementor-button-link elementor-size-sm\" href=\"https:\/\/forms.gle\/ss7J4A94XEY7SpBJ8\">\n\t\t\t\t\t\t<span class=\"elementor-button-content-wrapper\">\n\t\t\t\t\t\t\t\t\t<span class=\"elementor-button-text\">Vers le formulaire de demande d'inscription ou de renseignements<\/span>\n\t\t\t\t\t<\/span>\n\t\t\t\t\t<\/a>\n\t\t\t\t<\/div>\n\t\t\t\t\t\t\t\t<\/div>\n\t\t\t\t<\/div>\n\t\t\t\t<div class=\"elementor-element elementor-element-1fc53f2 elementor-widget elementor-widget-text-editor\" data-id=\"1fc53f2\" data-element_type=\"widget\" data-widget_type=\"text-editor.default\">\n\t\t\t\t<div class=\"elementor-widget-container\">\n\t\t\t\t\t\t\t\t\t<p>D\u00e9couvre notre formation d\u00e9di\u00e9e \u00e0 Windows 11, sp\u00e9cialement con\u00e7ue pour les seniors. Apprends \u00e0 naviguer en toute simplicit\u00e9 dans ce syst\u00e8me moderne et intuitif, en ma\u00eetrisant les param\u00e8tres essentiels pour personnaliser ton exp\u00e9rience. Nous te d\u00e9voilerons des astuces pratiques pour optimiser ta s\u00e9curit\u00e9, g\u00e9rer tes notifications, et utiliser les applications de mani\u00e8re efficace. Gr\u00e2ce \u00e0 cette formation, tu gagneras en autonomie et en confiance, que ce soit pour g\u00e9rer tes t\u00e2ches quotidiennes ou rester connect\u00e9 avec tes proches. Inscris-toi et fais de Windows 11 ton alli\u00e9 au quotidien !<\/p><h4>Pr\u00e9requis demand\u00e9<\/h4><p>Connaissance g\u00e9n\u00e9rale du clavier et bonne utilisation de la souris ou du pav\u00e9 tactile.<\/p><h4>Dur\u00e9e et localisation<\/h4><p>La formation comprend 10 s\u00e9ances de 3 heures \u00e0 raison d\u2019une s\u00e9ance par semaine hors vacances scolaires et jours f\u00e9ri\u00e9s.\u00a0 Chaque s\u00e9ance est agr\u00e9ment\u00e9e d\u2019une pause-caf\u00e9.<\/p><p>La formation se donne dans les locaux du club, au 1er \u00e9tage des Anciennes Ecuries du Ch\u00e2teau Communale de Ham-sur-Heure\/Nalinnes.<\/p><h4>Nombre de participants<\/h4><p>Cette formation de groupe est limit\u00e9e \u00e0 un maximum de 10 participants par session. Plusieurs sessions pourraient \u00eatre organis\u00e9es dans l\u2019ann\u00e9e acad\u00e9mique.<\/p><h4>Informations\u00a0<\/h4><p>Pour toute demande d\u2019information, contactez le 0498\/48.86.53.<\/p><p><strong>IMPORTANT<\/strong>\u00a0: en cas d\u2019appel en absence, veuillez laisser votre nom, pr\u00e9nom, un num\u00e9ro de t\u00e9l\u00e9phone et en deux mots (pas trois\u2026) la raison de votre appel.\u00a0 Nous vous recontacterons avec plaisir.<\/p>\t\t\t\t\t\t\t\t<\/div>\n\t\t\t\t<\/div>\n\t\t\t\t<div class=\"elementor-element elementor-element-a5369bf elementor-widget elementor-widget-text-editor\" data-id=\"a5369bf\" data-element_type=\"widget\" data-widget_type=\"text-editor.default\">\n\t\t\t\t<div class=\"elementor-widget-container\">\n\t\t\t\t\t\t\t\t\t<h4>Participation aux frais<\/h4><p>Une participation aux frais de 2\u20ac par s\u00e9ance sera demand\u00e9e. Cela inclut le caf\u00e9 \u2026<\/p>\t\t\t\t\t\t\t\t<\/div>\n\t\t\t\t<\/div>\n\t\t\t\t<div class=\"elementor-element elementor-element-f800852 elementor-widget elementor-widget-text-editor\" data-id=\"f800852\" data-element_type=\"widget\" data-widget_type=\"text-editor.default\">\n\t\t\t\t<div class=\"elementor-widget-container\">\n\t\t\t\t\t\t\t\t\t<p>L&#8217;organisation de la formation (<em>mise en place et d\u00e9finition du moment dans la semaine<\/em>) est fonction de la disponibilit\u00e9 de l&#8217;animateur et du nombre d&#8217;inscriptions.<\/p>\t\t\t\t\t\t\t\t<\/div>\n\t\t\t\t<\/div>\n\t\t\t\t\t<\/div>\n\t\t<\/div>\n\t\t\t\t\t<\/div>\n\t\t<\/section>\n\t\t\t\t<section class=\"elementor-section elementor-top-section elementor-element elementor-element-ff76bbf elementor-section-boxed elementor-section-height-default elementor-section-height-default\" data-id=\"ff76bbf\" data-element_type=\"section\">\n\t\t\t\t\t\t<div class=\"elementor-container elementor-column-gap-default\">\n\t\t\t\t\t<div class=\"elementor-column elementor-col-100 elementor-top-column elementor-element elementor-element-0608415\" data-id=\"0608415\" data-element_type=\"column\">\n\t\t\t<div class=\"elementor-widget-wrap\">\n\t\t\t\t\t\t\t<\/div>\n\t\t<\/div>\n\t\t\t\t\t<\/div>\n\t\t<\/section>\n\t\t\t\t<\/div>\n\t\t","protected":false},"excerpt":{"rendered":"<p>Vers le formulaire de demande d&#8217;inscription ou de renseignements D\u00e9couvre notre formation d\u00e9di\u00e9e \u00e0 Windows 11, sp\u00e9cialement con\u00e7ue pour les seniors. Apprends \u00e0 naviguer en toute simplicit\u00e9 dans ce syst\u00e8me moderne et intuitif, en ma\u00eetrisant les param\u00e8tres essentiels pour personnaliser ton exp\u00e9rience. Nous te d\u00e9voilerons des astuces pratiques pour optimiser ta s\u00e9curit\u00e9, g\u00e9rer tes notifications, [&hellip;]<\/p>\n","protected":false},"author":1,"featured_media":0,"parent":0,"menu_order":0,"comment_status":"closed","ping_status":"closed","template":"","meta":{"footnotes":""},"class_list":["post-4537","page","type-page","status-publish","hentry"],"yoast_head":"<!-- This site is optimized with the Yoast SEO plugin v26.2 - https:\/\/yoast.com\/wordpress\/plugins\/seo\/ -->\n<title>Windows 11 -<\/title>\n<meta name=\"robots\" content=\"index, follow, max-snippet:-1, max-image-preview:large, max-video-preview:-1\" \/>\n<link rel=\"canonical\" href=\"https:\/\/www.informatiqueauchateau.be\/index.php\/windows-11\/\" \/>\n<meta property=\"og:locale\" content=\"en_US\" \/>\n<meta property=\"og:type\" content=\"article\" \/>\n<meta property=\"og:title\" content=\"Windows 11 -\" \/>\n<meta property=\"og:description\" content=\"Vers le formulaire de demande d&#8217;inscription ou de renseignements D\u00e9couvre notre formation d\u00e9di\u00e9e \u00e0 Windows 11, sp\u00e9cialement con\u00e7ue pour les seniors. Apprends \u00e0 naviguer en toute simplicit\u00e9 dans ce syst\u00e8me moderne et intuitif, en ma\u00eetrisant les param\u00e8tres essentiels pour personnaliser ton exp\u00e9rience. Nous te d\u00e9voilerons des astuces pratiques pour optimiser ta s\u00e9curit\u00e9, g\u00e9rer tes notifications, [&hellip;]\" \/>\n<meta property=\"og:url\" content=\"https:\/\/www.informatiqueauchateau.be\/index.php\/windows-11\/\" \/>\n<meta property=\"article:modified_time\" content=\"2025-09-30T05:23:02+00:00\" \/>\n<meta property=\"og:image\" content=\"https:\/\/www.informatiqueauchateau.be\/wp-content\/uploads\/2024\/09\/Logo-2019-Banniere.png\" \/>\n\t<meta property=\"og:image:width\" content=\"1031\" \/>\n\t<meta property=\"og:image:height\" content=\"258\" \/>\n\t<meta property=\"og:image:type\" content=\"image\/png\" \/>\n<meta name=\"twitter:card\" content=\"summary_large_image\" \/>\n<meta name=\"twitter:label1\" content=\"Est. reading time\" \/>\n\t<meta name=\"twitter:data1\" content=\"2 minutes\" \/>\n<script type=\"application\/ld+json\" class=\"yoast-schema-graph\">{\"@context\":\"https:\/\/schema.org\",\"@graph\":[{\"@type\":\"WebPage\",\"@id\":\"https:\/\/www.informatiqueauchateau.be\/index.php\/windows-11\/\",\"url\":\"https:\/\/www.informatiqueauchateau.be\/index.php\/windows-11\/\",\"name\":\"Windows 11 -\",\"isPartOf\":{\"@id\":\"https:\/\/www.informatiqueauchateau.be\/#website\"},\"primaryImageOfPage\":{\"@id\":\"https:\/\/www.informatiqueauchateau.be\/index.php\/windows-11\/#primaryimage\"},\"image\":{\"@id\":\"https:\/\/www.informatiqueauchateau.be\/index.php\/windows-11\/#primaryimage\"},\"thumbnailUrl\":\"https:\/\/www.informatiqueauchateau.be\/wp-content\/uploads\/2024\/09\/Logo-2019-Banniere-1024x256.png\",\"datePublished\":\"2024-09-02T15:10:35+00:00\",\"dateModified\":\"2025-09-30T05:23:02+00:00\",\"breadcrumb\":{\"@id\":\"https:\/\/www.informatiqueauchateau.be\/index.php\/windows-11\/#breadcrumb\"},\"inLanguage\":\"en-US\",\"potentialAction\":[{\"@type\":\"ReadAction\",\"target\":[\"https:\/\/www.informatiqueauchateau.be\/index.php\/windows-11\/\"]}]},{\"@type\":\"ImageObject\",\"inLanguage\":\"en-US\",\"@id\":\"https:\/\/www.informatiqueauchateau.be\/index.php\/windows-11\/#primaryimage\",\"url\":\"https:\/\/www.informatiqueauchateau.be\/wp-content\/uploads\/2024\/09\/Logo-2019-Banniere.png\",\"contentUrl\":\"https:\/\/www.informatiqueauchateau.be\/wp-content\/uploads\/2024\/09\/Logo-2019-Banniere.png\",\"width\":1031,\"height\":258},{\"@type\":\"BreadcrumbList\",\"@id\":\"https:\/\/www.informatiqueauchateau.be\/index.php\/windows-11\/#breadcrumb\",\"itemListElement\":[{\"@type\":\"ListItem\",\"position\":1,\"name\":\"Accueil\",\"item\":\"https:\/\/www.informatiqueauchateau.be\/\"},{\"@type\":\"ListItem\",\"position\":2,\"name\":\"Windows 11\"}]},{\"@type\":\"WebSite\",\"@id\":\"https:\/\/www.informatiqueauchateau.be\/#website\",\"url\":\"https:\/\/www.informatiqueauchateau.be\/\",\"name\":\"\",\"description\":\"\",\"potentialAction\":[{\"@type\":\"SearchAction\",\"target\":{\"@type\":\"EntryPoint\",\"urlTemplate\":\"https:\/\/www.informatiqueauchateau.be\/?s={search_term_string}\"},\"query-input\":{\"@type\":\"PropertyValueSpecification\",\"valueRequired\":true,\"valueName\":\"search_term_string\"}}],\"inLanguage\":\"en-US\"}]}<\/script>\n<!-- \/ Yoast SEO plugin. -->","yoast_head_json":{"title":"Windows 11 -","robots":{"index":"index","follow":"follow","max-snippet":"max-snippet:-1","max-image-preview":"max-image-preview:large","max-video-preview":"max-video-preview:-1"},"canonical":"https:\/\/www.informatiqueauchateau.be\/index.php\/windows-11\/","og_locale":"en_US","og_type":"article","og_title":"Windows 11 -","og_description":"Vers le formulaire de demande d&#8217;inscription ou de renseignements D\u00e9couvre notre formation d\u00e9di\u00e9e \u00e0 Windows 11, sp\u00e9cialement con\u00e7ue pour les seniors. Apprends \u00e0 naviguer en toute simplicit\u00e9 dans ce syst\u00e8me moderne et intuitif, en ma\u00eetrisant les param\u00e8tres essentiels pour personnaliser ton exp\u00e9rience. Nous te d\u00e9voilerons des astuces pratiques pour optimiser ta s\u00e9curit\u00e9, g\u00e9rer tes notifications, [&hellip;]","og_url":"https:\/\/www.informatiqueauchateau.be\/index.php\/windows-11\/","article_modified_time":"2025-09-30T05:23:02+00:00","og_image":[{"width":1031,"height":258,"url":"https:\/\/www.informatiqueauchateau.be\/wp-content\/uploads\/2024\/09\/Logo-2019-Banniere.png","type":"image\/png"}],"twitter_card":"summary_large_image","twitter_misc":{"Est. reading time":"2 minutes"},"schema":{"@context":"https:\/\/schema.org","@graph":[{"@type":"WebPage","@id":"https:\/\/www.informatiqueauchateau.be\/index.php\/windows-11\/","url":"https:\/\/www.informatiqueauchateau.be\/index.php\/windows-11\/","name":"Windows 11 -","isPartOf":{"@id":"https:\/\/www.informatiqueauchateau.be\/#website"},"primaryImageOfPage":{"@id":"https:\/\/www.informatiqueauchateau.be\/index.php\/windows-11\/#primaryimage"},"image":{"@id":"https:\/\/www.informatiqueauchateau.be\/index.php\/windows-11\/#primaryimage"},"thumbnailUrl":"https:\/\/www.informatiqueauchateau.be\/wp-content\/uploads\/2024\/09\/Logo-2019-Banniere-1024x256.png","datePublished":"2024-09-02T15:10:35+00:00","dateModified":"2025-09-30T05:23:02+00:00","breadcrumb":{"@id":"https:\/\/www.informatiqueauchateau.be\/index.php\/windows-11\/#breadcrumb"},"inLanguage":"en-US","potentialAction":[{"@type":"ReadAction","target":["https:\/\/www.informatiqueauchateau.be\/index.php\/windows-11\/"]}]},{"@type":"ImageObject","inLanguage":"en-US","@id":"https:\/\/www.informatiqueauchateau.be\/index.php\/windows-11\/#primaryimage","url":"https:\/\/www.informatiqueauchateau.be\/wp-content\/uploads\/2024\/09\/Logo-2019-Banniere.png","contentUrl":"https:\/\/www.informatiqueauchateau.be\/wp-content\/uploads\/2024\/09\/Logo-2019-Banniere.png","width":1031,"height":258},{"@type":"BreadcrumbList","@id":"https:\/\/www.informatiqueauchateau.be\/index.php\/windows-11\/#breadcrumb","itemListElement":[{"@type":"ListItem","position":1,"name":"Accueil","item":"https:\/\/www.informatiqueauchateau.be\/"},{"@type":"ListItem","position":2,"name":"Windows 11"}]},{"@type":"WebSite","@id":"https:\/\/www.informatiqueauchateau.be\/#website","url":"https:\/\/www.informatiqueauchateau.be\/","name":"","description":"","potentialAction":[{"@type":"SearchAction","target":{"@type":"EntryPoint","urlTemplate":"https:\/\/www.informatiqueauchateau.be\/?s={search_term_string}"},"query-input":{"@type":"PropertyValueSpecification","valueRequired":true,"valueName":"search_term_string"}}],"inLanguage":"en-US"}]}},"_links":{"self":[{"href":"https:\/\/www.informatiqueauchateau.be\/index.php\/wp-json\/wp\/v2\/pages\/4537","targetHints":{"allow":["GET"]}}],"collection":[{"href":"https:\/\/www.informatiqueauchateau.be\/index.php\/wp-json\/wp\/v2\/pages"}],"about":[{"href":"https:\/\/www.informatiqueauchateau.be\/index.php\/wp-json\/wp\/v2\/types\/page"}],"author":[{"embeddable":true,"href":"https:\/\/www.informatiqueauchateau.be\/index.php\/wp-json\/wp\/v2\/users\/1"}],"replies":[{"embeddable":true,"href":"https:\/\/www.informatiqueauchateau.be\/index.php\/wp-json\/wp\/v2\/comments?post=4537"}],"version-history":[{"count":25,"href":"https:\/\/www.informatiqueauchateau.be\/index.php\/wp-json\/wp\/v2\/pages\/4537\/revisions"}],"predecessor-version":[{"id":5444,"href":"https:\/\/www.informatiqueauchateau.be\/index.php\/wp-json\/wp\/v2\/pages\/4537\/revisions\/5444"}],"wp:attachment":[{"href":"https:\/\/www.informatiqueauchateau.be\/index.php\/wp-json\/wp\/v2\/media?parent=4537"}],"curies":[{"name":"wp","href":"https:\/\/api.w.org\/{rel}","templated":true}]}}