{"id":68,"date":"2019-12-06T16:39:48","date_gmt":"2019-12-06T15:39:48","guid":{"rendered":"https:\/\/www.informatiqueauchateau.be\/?page_id=68"},"modified":"2025-11-03T11:52:09","modified_gmt":"2025-11-03T10:52:09","slug":"initiation-a-lutilisation-du-smartphone-android","status":"publish","type":"page","link":"https:\/\/www.informatiqueauchateau.be\/index.php\/initiation-a-lutilisation-du-smartphone-android\/","title":{"rendered":"Smartphone Android"},"content":{"rendered":"\t\t<div data-elementor-type=\"wp-page\" data-elementor-id=\"68\" class=\"elementor elementor-68\">\n\t\t\t\t\t\t<section class=\"elementor-section elementor-top-section elementor-element elementor-element-61f14ba elementor-section-boxed elementor-section-height-default elementor-section-height-default\" data-id=\"61f14ba\" data-element_type=\"section\">\n\t\t\t\t\t\t<div class=\"elementor-container elementor-column-gap-default\">\n\t\t\t\t\t<div class=\"elementor-column elementor-col-100 elementor-top-column elementor-element elementor-element-e848008\" data-id=\"e848008\" data-element_type=\"column\">\n\t\t\t<div class=\"elementor-widget-wrap elementor-element-populated\">\n\t\t\t\t\t\t<div class=\"elementor-element elementor-element-aae2a71 elementor-widget elementor-widget-image\" data-id=\"aae2a71\" data-element_type=\"widget\" data-widget_type=\"image.default\">\n\t\t\t\t<div class=\"elementor-widget-container\">\n\t\t\t\t\t\t\t\t\t\t\t\t\t\t\t<img fetchpriority=\"high\" decoding=\"async\" width=\"580\" height=\"145\" src=\"https:\/\/www.informatiqueauchateau.be\/wp-content\/uploads\/2024\/09\/Logo-2019-Banniere-1024x256.png\" class=\"attachment-large size-large wp-image-4681\" alt=\"\" srcset=\"https:\/\/www.informatiqueauchateau.be\/wp-content\/uploads\/2024\/09\/Logo-2019-Banniere-1024x256.png 1024w, https:\/\/www.informatiqueauchateau.be\/wp-content\/uploads\/2024\/09\/Logo-2019-Banniere-300x75.png 300w, https:\/\/www.informatiqueauchateau.be\/wp-content\/uploads\/2024\/09\/Logo-2019-Banniere-768x192.png 768w, https:\/\/www.informatiqueauchateau.be\/wp-content\/uploads\/2024\/09\/Logo-2019-Banniere.png 1031w\" sizes=\"(max-width: 580px) 100vw, 580px\" \/>\t\t\t\t\t\t\t\t\t\t\t\t\t\t\t<\/div>\n\t\t\t\t<\/div>\n\t\t\t\t<div class=\"elementor-element elementor-element-0e6eb45 elementor-widget elementor-widget-image\" data-id=\"0e6eb45\" data-element_type=\"widget\" data-widget_type=\"image.default\">\n\t\t\t\t<div class=\"elementor-widget-container\">\n\t\t\t\t\t\t\t\t\t\t\t\t\t\t\t<img decoding=\"async\" width=\"580\" height=\"387\" src=\"https:\/\/www.informatiqueauchateau.be\/wp-content\/uploads\/2020\/01\/smartphone.jpg\" class=\"attachment-large size-large wp-image-237\" alt=\"\" srcset=\"https:\/\/www.informatiqueauchateau.be\/wp-content\/uploads\/2020\/01\/smartphone.jpg 960w, https:\/\/www.informatiqueauchateau.be\/wp-content\/uploads\/2020\/01\/smartphone-300x200.jpg 300w, https:\/\/www.informatiqueauchateau.be\/wp-content\/uploads\/2020\/01\/smartphone-768x512.jpg 768w\" sizes=\"(max-width: 580px) 100vw, 580px\" \/>\t\t\t\t\t\t\t\t\t\t\t\t\t\t\t<\/div>\n\t\t\t\t<\/div>\n\t\t\t\t<div class=\"elementor-element elementor-element-1f7ea92 elementor-align-center elementor-widget elementor-widget-button\" data-id=\"1f7ea92\" data-element_type=\"widget\" data-widget_type=\"button.default\">\n\t\t\t\t<div class=\"elementor-widget-container\">\n\t\t\t\t\t\t\t\t\t<div class=\"elementor-button-wrapper\">\n\t\t\t\t\t<a class=\"elementor-button elementor-button-link elementor-size-sm\" href=\"https:\/\/forms.gle\/ss7J4A94XEY7SpBJ8\">\n\t\t\t\t\t\t<span class=\"elementor-button-content-wrapper\">\n\t\t\t\t\t\t\t\t\t<span class=\"elementor-button-text\">Vers le formulaire de demande d'inscription ou de renseignements<\/span>\n\t\t\t\t\t<\/span>\n\t\t\t\t\t<\/a>\n\t\t\t\t<\/div>\n\t\t\t\t\t\t\t\t<\/div>\n\t\t\t\t<\/div>\n\t\t\t\t<div class=\"elementor-element elementor-element-1fc53f2 elementor-widget elementor-widget-text-editor\" data-id=\"1fc53f2\" data-element_type=\"widget\" data-widget_type=\"text-editor.default\">\n\t\t\t\t<div class=\"elementor-widget-container\">\n\t\t\t\t\t\t\t\t\t<p>Bas\u00e9e sur une approche \u00e9volutive, vous apprenez \u00e0 utiliser les fonctions essentielles de votre smartphone\u00a0<strong>Android<\/strong>. Un \u00ab\u00a0machin tr\u00e8s compliqu\u00e9\u00a0\u00bb se transforme en un \u00ab\u00a0compagnon\u00a0\u00bb de tous les jours.<\/p><p>Outre t\u00e9l\u00e9phoner (<strong>h\u00e9 oui, on peut t\u00e9l\u00e9phoner avec un smartphone\u2026<\/strong>), vous apprenez \u00e0 g\u00e9rer une liste de contacts, \u00e0 tenir \u00e0 jour un agenda, \u00e0 prendre des photos\/vid\u00e9os et \u00e0 les partager, \u00e0 g\u00e9rer votre messagerie \u00e9lectronique, \u00e0 consulter Internet, \u00e0 t\u00e9l\u00e9charger des applications<\/p><p>En parall\u00e8le, une importance est apport\u00e9e \u00e0 la notion de s\u00e9curit\u00e9, aux diff\u00e9rentes sauvegardes, \u00e0 la ma\u00eetrise de son forfait internet, etc\u2026<\/p><h5>Pr\u00e9requis demand\u00e9<\/h5><p>Aucun pr\u00e9requis n&#8217;est demand\u00e9 pour la\u00a0 participation \u00e0 la formation.<\/p><p>N\u00e9anmoins, venez avec votre smartphone <strong><span style=\"text-decoration: underline;\">Android<\/span><\/strong>&#8230;<\/p><h5>Dur\u00e9e et localisation<\/h5><p>La formation comprend 8 s\u00e9ances de 3 heures \u00e0 raison d\u2019une s\u00e9ance par semaine hors vacances scolaires et jours f\u00e9ri\u00e9s.\u00a0 Chaque s\u00e9ance est agr\u00e9ment\u00e9e d\u2019une pause-caf\u00e9.<\/p><p>La formation se donne dans les locaux du club, au 1er \u00e9tage des Anciennes Ecuries du Ch\u00e2teau Communale de Ham-sur-Heure\/Nalinnes.<\/p><h5>Nombre de participants<\/h5><p>Cette formation de groupe est limit\u00e9e \u00e0 un maximum de 10 participants par session. Plusieurs sessions sont organis\u00e9es dans l\u2019ann\u00e9e acad\u00e9mique.<\/p><h5>Informations\u00a0<\/h5><p>Pour toute demande d\u2019information, contactez le\u00a0 0498\/48.86.53.<\/p><p><span style=\"font-weight: bold;\">IMPORTANT<\/span>\u00a0: en cas d\u2019appel en absence, veuillez laisser votre nom, pr\u00e9nom, un num\u00e9ro de t\u00e9l\u00e9phone et en deux mots (pas trois\u2026) la raison de votre appel.\u00a0 Nous vous recontacterons avec plaisir.<\/p>\t\t\t\t\t\t\t\t<\/div>\n\t\t\t\t<\/div>\n\t\t\t\t<div class=\"elementor-element elementor-element-b85f321 elementor-widget elementor-widget-text-editor\" data-id=\"b85f321\" data-element_type=\"widget\" data-widget_type=\"text-editor.default\">\n\t\t\t\t<div class=\"elementor-widget-container\">\n\t\t\t\t\t\t\t\t\t<h5>Participation aux frais<\/h5><p>Une participation aux frais de 2\u20ac par s\u00e9ance sera demand\u00e9e. Cela inclut le caf\u00e9 \u2026<\/p>\t\t\t\t\t\t\t\t<\/div>\n\t\t\t\t<\/div>\n\t\t\t\t<div class=\"elementor-element elementor-element-f800852 elementor-widget elementor-widget-text-editor\" data-id=\"f800852\" data-element_type=\"widget\" data-widget_type=\"text-editor.default\">\n\t\t\t\t<div class=\"elementor-widget-container\">\n\t\t\t\t\t\t\t\t\t<p>L&#8217;organisation de la formation (<em>mise en place et d\u00e9finition du moment dans la semaine<\/em>) est fonction de la disponibilit\u00e9 de l&#8217;animateur et du nombre d&#8217;inscriptions.<\/p>\t\t\t\t\t\t\t\t<\/div>\n\t\t\t\t<\/div>\n\t\t\t\t\t<\/div>\n\t\t<\/div>\n\t\t\t\t\t<\/div>\n\t\t<\/section>\n\t\t\t\t<\/div>\n\t\t","protected":false},"excerpt":{"rendered":"<p>Vers le formulaire de demande d&#8217;inscription ou de renseignements Bas\u00e9e sur une approche \u00e9volutive, vous apprenez \u00e0 utiliser les fonctions essentielles de votre smartphone\u00a0Android. Un \u00ab\u00a0machin tr\u00e8s compliqu\u00e9\u00a0\u00bb se transforme en un \u00ab\u00a0compagnon\u00a0\u00bb de tous les jours. Outre t\u00e9l\u00e9phoner (h\u00e9 oui, on peut t\u00e9l\u00e9phoner avec un smartphone\u2026), vous apprenez \u00e0 g\u00e9rer une liste de contacts, [&hellip;]<\/p>\n","protected":false},"author":1,"featured_media":0,"parent":0,"menu_order":0,"comment_status":"closed","ping_status":"closed","template":"","meta":{"footnotes":""},"class_list":["post-68","page","type-page","status-publish","hentry"],"yoast_head":"<!-- This site is optimized with the Yoast SEO plugin v26.2 - https:\/\/yoast.com\/wordpress\/plugins\/seo\/ -->\n<title>Smartphone Android -<\/title>\n<meta name=\"robots\" content=\"index, follow, max-snippet:-1, max-image-preview:large, max-video-preview:-1\" \/>\n<link rel=\"canonical\" href=\"https:\/\/www.informatiqueauchateau.be\/index.php\/initiation-a-lutilisation-du-smartphone-android\/\" \/>\n<meta property=\"og:locale\" content=\"en_US\" \/>\n<meta property=\"og:type\" content=\"article\" \/>\n<meta property=\"og:title\" content=\"Smartphone Android -\" \/>\n<meta property=\"og:description\" content=\"Vers le formulaire de demande d&#8217;inscription ou de renseignements Bas\u00e9e sur une approche \u00e9volutive, vous apprenez \u00e0 utiliser les fonctions essentielles de votre smartphone\u00a0Android. Un \u00ab\u00a0machin tr\u00e8s compliqu\u00e9\u00a0\u00bb se transforme en un \u00ab\u00a0compagnon\u00a0\u00bb de tous les jours. Outre t\u00e9l\u00e9phoner (h\u00e9 oui, on peut t\u00e9l\u00e9phoner avec un smartphone\u2026), vous apprenez \u00e0 g\u00e9rer une liste de contacts, [&hellip;]\" \/>\n<meta property=\"og:url\" content=\"https:\/\/www.informatiqueauchateau.be\/index.php\/initiation-a-lutilisation-du-smartphone-android\/\" \/>\n<meta property=\"article:modified_time\" content=\"2025-11-03T10:52:09+00:00\" \/>\n<meta property=\"og:image\" content=\"https:\/\/www.informatiqueauchateau.be\/wp-content\/uploads\/2024\/09\/Logo-2019-Banniere.png\" \/>\n\t<meta property=\"og:image:width\" content=\"1031\" \/>\n\t<meta property=\"og:image:height\" content=\"258\" \/>\n\t<meta property=\"og:image:type\" content=\"image\/png\" \/>\n<meta name=\"twitter:card\" content=\"summary_large_image\" \/>\n<meta name=\"twitter:label1\" content=\"Est. reading time\" \/>\n\t<meta name=\"twitter:data1\" content=\"2 minutes\" \/>\n<script type=\"application\/ld+json\" class=\"yoast-schema-graph\">{\"@context\":\"https:\/\/schema.org\",\"@graph\":[{\"@type\":\"WebPage\",\"@id\":\"https:\/\/www.informatiqueauchateau.be\/index.php\/initiation-a-lutilisation-du-smartphone-android\/\",\"url\":\"https:\/\/www.informatiqueauchateau.be\/index.php\/initiation-a-lutilisation-du-smartphone-android\/\",\"name\":\"Smartphone Android -\",\"isPartOf\":{\"@id\":\"https:\/\/www.informatiqueauchateau.be\/#website\"},\"primaryImageOfPage\":{\"@id\":\"https:\/\/www.informatiqueauchateau.be\/index.php\/initiation-a-lutilisation-du-smartphone-android\/#primaryimage\"},\"image\":{\"@id\":\"https:\/\/www.informatiqueauchateau.be\/index.php\/initiation-a-lutilisation-du-smartphone-android\/#primaryimage\"},\"thumbnailUrl\":\"https:\/\/www.informatiqueauchateau.be\/wp-content\/uploads\/2024\/09\/Logo-2019-Banniere-1024x256.png\",\"datePublished\":\"2019-12-06T15:39:48+00:00\",\"dateModified\":\"2025-11-03T10:52:09+00:00\",\"breadcrumb\":{\"@id\":\"https:\/\/www.informatiqueauchateau.be\/index.php\/initiation-a-lutilisation-du-smartphone-android\/#breadcrumb\"},\"inLanguage\":\"en-US\",\"potentialAction\":[{\"@type\":\"ReadAction\",\"target\":[\"https:\/\/www.informatiqueauchateau.be\/index.php\/initiation-a-lutilisation-du-smartphone-android\/\"]}]},{\"@type\":\"ImageObject\",\"inLanguage\":\"en-US\",\"@id\":\"https:\/\/www.informatiqueauchateau.be\/index.php\/initiation-a-lutilisation-du-smartphone-android\/#primaryimage\",\"url\":\"https:\/\/www.informatiqueauchateau.be\/wp-content\/uploads\/2024\/09\/Logo-2019-Banniere.png\",\"contentUrl\":\"https:\/\/www.informatiqueauchateau.be\/wp-content\/uploads\/2024\/09\/Logo-2019-Banniere.png\",\"width\":1031,\"height\":258},{\"@type\":\"BreadcrumbList\",\"@id\":\"https:\/\/www.informatiqueauchateau.be\/index.php\/initiation-a-lutilisation-du-smartphone-android\/#breadcrumb\",\"itemListElement\":[{\"@type\":\"ListItem\",\"position\":1,\"name\":\"Accueil\",\"item\":\"https:\/\/www.informatiqueauchateau.be\/\"},{\"@type\":\"ListItem\",\"position\":2,\"name\":\"Smartphone Android\"}]},{\"@type\":\"WebSite\",\"@id\":\"https:\/\/www.informatiqueauchateau.be\/#website\",\"url\":\"https:\/\/www.informatiqueauchateau.be\/\",\"name\":\"\",\"description\":\"\",\"potentialAction\":[{\"@type\":\"SearchAction\",\"target\":{\"@type\":\"EntryPoint\",\"urlTemplate\":\"https:\/\/www.informatiqueauchateau.be\/?s={search_term_string}\"},\"query-input\":{\"@type\":\"PropertyValueSpecification\",\"valueRequired\":true,\"valueName\":\"search_term_string\"}}],\"inLanguage\":\"en-US\"}]}<\/script>\n<!-- \/ Yoast SEO plugin. -->","yoast_head_json":{"title":"Smartphone Android -","robots":{"index":"index","follow":"follow","max-snippet":"max-snippet:-1","max-image-preview":"max-image-preview:large","max-video-preview":"max-video-preview:-1"},"canonical":"https:\/\/www.informatiqueauchateau.be\/index.php\/initiation-a-lutilisation-du-smartphone-android\/","og_locale":"en_US","og_type":"article","og_title":"Smartphone Android -","og_description":"Vers le formulaire de demande d&#8217;inscription ou de renseignements Bas\u00e9e sur une approche \u00e9volutive, vous apprenez \u00e0 utiliser les fonctions essentielles de votre smartphone\u00a0Android. Un \u00ab\u00a0machin tr\u00e8s compliqu\u00e9\u00a0\u00bb se transforme en un \u00ab\u00a0compagnon\u00a0\u00bb de tous les jours. Outre t\u00e9l\u00e9phoner (h\u00e9 oui, on peut t\u00e9l\u00e9phoner avec un smartphone\u2026), vous apprenez \u00e0 g\u00e9rer une liste de contacts, [&hellip;]","og_url":"https:\/\/www.informatiqueauchateau.be\/index.php\/initiation-a-lutilisation-du-smartphone-android\/","article_modified_time":"2025-11-03T10:52:09+00:00","og_image":[{"width":1031,"height":258,"url":"https:\/\/www.informatiqueauchateau.be\/wp-content\/uploads\/2024\/09\/Logo-2019-Banniere.png","type":"image\/png"}],"twitter_card":"summary_large_image","twitter_misc":{"Est. reading time":"2 minutes"},"schema":{"@context":"https:\/\/schema.org","@graph":[{"@type":"WebPage","@id":"https:\/\/www.informatiqueauchateau.be\/index.php\/initiation-a-lutilisation-du-smartphone-android\/","url":"https:\/\/www.informatiqueauchateau.be\/index.php\/initiation-a-lutilisation-du-smartphone-android\/","name":"Smartphone Android -","isPartOf":{"@id":"https:\/\/www.informatiqueauchateau.be\/#website"},"primaryImageOfPage":{"@id":"https:\/\/www.informatiqueauchateau.be\/index.php\/initiation-a-lutilisation-du-smartphone-android\/#primaryimage"},"image":{"@id":"https:\/\/www.informatiqueauchateau.be\/index.php\/initiation-a-lutilisation-du-smartphone-android\/#primaryimage"},"thumbnailUrl":"https:\/\/www.informatiqueauchateau.be\/wp-content\/uploads\/2024\/09\/Logo-2019-Banniere-1024x256.png","datePublished":"2019-12-06T15:39:48+00:00","dateModified":"2025-11-03T10:52:09+00:00","breadcrumb":{"@id":"https:\/\/www.informatiqueauchateau.be\/index.php\/initiation-a-lutilisation-du-smartphone-android\/#breadcrumb"},"inLanguage":"en-US","potentialAction":[{"@type":"ReadAction","target":["https:\/\/www.informatiqueauchateau.be\/index.php\/initiation-a-lutilisation-du-smartphone-android\/"]}]},{"@type":"ImageObject","inLanguage":"en-US","@id":"https:\/\/www.informatiqueauchateau.be\/index.php\/initiation-a-lutilisation-du-smartphone-android\/#primaryimage","url":"https:\/\/www.informatiqueauchateau.be\/wp-content\/uploads\/2024\/09\/Logo-2019-Banniere.png","contentUrl":"https:\/\/www.informatiqueauchateau.be\/wp-content\/uploads\/2024\/09\/Logo-2019-Banniere.png","width":1031,"height":258},{"@type":"BreadcrumbList","@id":"https:\/\/www.informatiqueauchateau.be\/index.php\/initiation-a-lutilisation-du-smartphone-android\/#breadcrumb","itemListElement":[{"@type":"ListItem","position":1,"name":"Accueil","item":"https:\/\/www.informatiqueauchateau.be\/"},{"@type":"ListItem","position":2,"name":"Smartphone Android"}]},{"@type":"WebSite","@id":"https:\/\/www.informatiqueauchateau.be\/#website","url":"https:\/\/www.informatiqueauchateau.be\/","name":"","description":"","potentialAction":[{"@type":"SearchAction","target":{"@type":"EntryPoint","urlTemplate":"https:\/\/www.informatiqueauchateau.be\/?s={search_term_string}"},"query-input":{"@type":"PropertyValueSpecification","valueRequired":true,"valueName":"search_term_string"}}],"inLanguage":"en-US"}]}},"_links":{"self":[{"href":"https:\/\/www.informatiqueauchateau.be\/index.php\/wp-json\/wp\/v2\/pages\/68","targetHints":{"allow":["GET"]}}],"collection":[{"href":"https:\/\/www.informatiqueauchateau.be\/index.php\/wp-json\/wp\/v2\/pages"}],"about":[{"href":"https:\/\/www.informatiqueauchateau.be\/index.php\/wp-json\/wp\/v2\/types\/page"}],"author":[{"embeddable":true,"href":"https:\/\/www.informatiqueauchateau.be\/index.php\/wp-json\/wp\/v2\/users\/1"}],"replies":[{"embeddable":true,"href":"https:\/\/www.informatiqueauchateau.be\/index.php\/wp-json\/wp\/v2\/comments?post=68"}],"version-history":[{"count":60,"href":"https:\/\/www.informatiqueauchateau.be\/index.php\/wp-json\/wp\/v2\/pages\/68\/revisions"}],"predecessor-version":[{"id":5518,"href":"https:\/\/www.informatiqueauchateau.be\/index.php\/wp-json\/wp\/v2\/pages\/68\/revisions\/5518"}],"wp:attachment":[{"href":"https:\/\/www.informatiqueauchateau.be\/index.php\/wp-json\/wp\/v2\/media?parent=68"}],"curies":[{"name":"wp","href":"https:\/\/api.w.org\/{rel}","templated":true}]}}