{"id":838,"date":"2021-03-10T09:09:29","date_gmt":"2021-03-10T08:09:29","guid":{"rendered":"https:\/\/www.informatiqueauchateau.be\/?page_id=838"},"modified":"2021-03-11T13:23:32","modified_gmt":"2021-03-11T12:23:32","slug":"g-mail-maitriser-la-reception-des-mails","status":"publish","type":"page","link":"https:\/\/www.informatiqueauchateau.be\/index.php\/g-mail-maitriser-la-reception-des-mails\/","title":{"rendered":"G Mail &#8211; Maitriser la r\u00e9ception des mails"},"content":{"rendered":"\n<p>Gmail distribue les messages re\u00e7us vers les boites de r\u00e9ception \u00e0 onglets (&#8220;<strong>Principale<\/strong>&#8220;, &#8220;<strong>R\u00e9seaux sociaux<\/strong>&#8221; ou &#8220;<strong>Promotions<\/strong>&#8220;). Les mails marketing et les emails en masse ont souvent plus de chances d&#8217;\u00eatre livr\u00e9s dans l&#8217;onglet &#8220;<strong>Promotions<\/strong>&#8220;.&nbsp; <span style=\"color:#001ca3\" class=\"has-inline-color\"><strong><em>Et, on va tr\u00e8s rarement consulter cette cat\u00e9gorie !!! Du coups, on manque peut-\u00eatre des mails importants comme ceux en provenance de l&#8217;Informatique au Ch\u00e2teau..<\/em><\/strong>.<\/span><\/p>\n\n\n\n<figure class=\"wp-block-image size-large\"><img fetchpriority=\"high\" decoding=\"async\" width=\"1024\" height=\"330\" src=\"https:\/\/www.informatiqueauchateau.be\/wp-content\/uploads\/2021\/03\/Categories-Gmail-1-1-1024x330.jpg\" alt=\"\" class=\"wp-image-822\" srcset=\"https:\/\/www.informatiqueauchateau.be\/wp-content\/uploads\/2021\/03\/Categories-Gmail-1-1-1024x330.jpg 1024w, https:\/\/www.informatiqueauchateau.be\/wp-content\/uploads\/2021\/03\/Categories-Gmail-1-1-300x97.jpg 300w, https:\/\/www.informatiqueauchateau.be\/wp-content\/uploads\/2021\/03\/Categories-Gmail-1-1-768x247.jpg 768w, https:\/\/www.informatiqueauchateau.be\/wp-content\/uploads\/2021\/03\/Categories-Gmail-1-1-1536x495.jpg 1536w, https:\/\/www.informatiqueauchateau.be\/wp-content\/uploads\/2021\/03\/Categories-Gmail-1-1-1200x387.jpg 1200w, https:\/\/www.informatiqueauchateau.be\/wp-content\/uploads\/2021\/03\/Categories-Gmail-1-1.jpg 1909w\" sizes=\"(max-width: 1024px) 100vw, 1024px\" \/><\/figure>\n\n\n\n<p>Si vous souhaitez que les messages &#8220;sp\u00e9cifiques&#8221; par exemple, d&#8217;une adresse e-mail en particulier (<span class=\"has-inline-color has-primary-color\">ex:<\/span><span style=\"color:#cf2626\" class=\"has-inline-color\"> informatiqueauchateau@gmail.com<\/span>) arrivent toujours dans la cat\u00e9gorie &#8220;<strong>Principale<\/strong>&#8221; de votre boite de r\u00e9ception, vous pouvez prendre les mesures suivantes:<\/p>\n\n\n\n<ul class=\"wp-block-list\"><li><strong>Ajoutez l&#8217;adresse email de l&#8217;exp\u00e9diteur dans vos Contacts Google.<\/strong>  Les emails provenant de vos contacts Google arrivent dans votre boite de r\u00e9ception &#8220;<strong>Principale<\/strong>&#8220;.<\/li><li><strong>D\u00e9placez les emails directement vers l&#8217;onglet &#8220;Principale&#8221;.<\/strong>  Vous pouvez indiquer \u00e0 Gmail o\u00f9 livrer vos messages.  Voici comment proc\u00e9der:<\/li><\/ul>\n\n\n\n<p>Dans le coin sup\u00e9rieur droit de votre fen\u00eatre Gmail, cliquez sur l&#8217;ic\u00f4ne de la roue dent\u00e9e (Param\u00e8tres)<\/p>\n\n\n\n<figure class=\"wp-block-image size-large is-resized\"><img decoding=\"async\" src=\"https:\/\/www.informatiqueauchateau.be\/wp-content\/uploads\/2021\/03\/Categories-Gmail-2-1-1024x230.jpg\" alt=\"\" class=\"wp-image-824\" width=\"610\" height=\"137\" srcset=\"https:\/\/www.informatiqueauchateau.be\/wp-content\/uploads\/2021\/03\/Categories-Gmail-2-1-1024x230.jpg 1024w, https:\/\/www.informatiqueauchateau.be\/wp-content\/uploads\/2021\/03\/Categories-Gmail-2-1-300x67.jpg 300w, https:\/\/www.informatiqueauchateau.be\/wp-content\/uploads\/2021\/03\/Categories-Gmail-2-1-768x172.jpg 768w, https:\/\/www.informatiqueauchateau.be\/wp-content\/uploads\/2021\/03\/Categories-Gmail-2-1-1536x345.jpg 1536w, https:\/\/www.informatiqueauchateau.be\/wp-content\/uploads\/2021\/03\/Categories-Gmail-2-1-1200x269.jpg 1200w, https:\/\/www.informatiqueauchateau.be\/wp-content\/uploads\/2021\/03\/Categories-Gmail-2-1.jpg 1556w\" sizes=\"(max-width: 610px) 100vw, 610px\" \/><\/figure>\n\n\n\n<p>S\u00e9lectionnez &#8220;Voir tous les param\u00e8tres&#8221;<\/p>\n\n\n\n<div class=\"wp-block-columns is-layout-flex wp-container-core-columns-is-layout-1 wp-block-columns-is-layout-flex\">\n<div class=\"wp-block-column is-layout-flow wp-block-column-is-layout-flow\" style=\"flex-basis:100%\">\n<div class=\"wp-block-group\"><div class=\"wp-block-group__inner-container is-layout-flow wp-block-group-is-layout-flow\">\n<figure class=\"wp-block-image size-large\"><img decoding=\"async\" width=\"300\" height=\"304\" src=\"https:\/\/www.informatiqueauchateau.be\/wp-content\/uploads\/2021\/03\/Categories-Gmail-3-e1615457767542.jpg\" alt=\"\" class=\"wp-image-829\"\/><\/figure>\n<\/div><\/div>\n<\/div>\n<\/div>\n\n\n\n<p>S\u00e9lectionnez &#8220;Filtres et adresses bloqu\u00e9es&#8221;<\/p>\n\n\n\n<figure class=\"wp-block-image size-large\"><img loading=\"lazy\" decoding=\"async\" width=\"1024\" height=\"335\" src=\"https:\/\/www.informatiqueauchateau.be\/wp-content\/uploads\/2021\/03\/Categories-Gmail-4-1024x335.jpg\" alt=\"\" class=\"wp-image-830\" srcset=\"https:\/\/www.informatiqueauchateau.be\/wp-content\/uploads\/2021\/03\/Categories-Gmail-4-1024x335.jpg 1024w, https:\/\/www.informatiqueauchateau.be\/wp-content\/uploads\/2021\/03\/Categories-Gmail-4-300x98.jpg 300w, https:\/\/www.informatiqueauchateau.be\/wp-content\/uploads\/2021\/03\/Categories-Gmail-4-768x251.jpg 768w, https:\/\/www.informatiqueauchateau.be\/wp-content\/uploads\/2021\/03\/Categories-Gmail-4-1536x502.jpg 1536w, https:\/\/www.informatiqueauchateau.be\/wp-content\/uploads\/2021\/03\/Categories-Gmail-4-1200x392.jpg 1200w, https:\/\/www.informatiqueauchateau.be\/wp-content\/uploads\/2021\/03\/Categories-Gmail-4.jpg 1716w\" sizes=\"(max-width: 1024px) 100vw, 1024px\" \/><\/figure>\n\n\n\n<p>Vous arrivez sur l&#8217;\u00e9cran de recherche dans les messages.  Ici, vous allez choisir les crit\u00e8res qui vont d\u00e9finir que les messages correspondants, soient pris en consid\u00e9ration.  Dans l&#8217;exemple de l&#8217;illustration ci-apr\u00e8s, on d\u00e9finit les messages en provenance de l&#8217;Informatique au Ch\u00e2teau (informatiqueauchateau@gmail.com).<\/p>\n\n\n\n<p>Lorsque la d\u00e9finition est r\u00e9alis\u00e9e, cliquez sur &#8220;Cr\u00e9er un filtre&#8221; dans le bas de la fen\u00eatre.<\/p>\n\n\n\n<figure class=\"wp-block-image size-large\"><img loading=\"lazy\" decoding=\"async\" width=\"1024\" height=\"584\" src=\"https:\/\/www.informatiqueauchateau.be\/wp-content\/uploads\/2021\/03\/Categories-Gmail-5-1024x584.jpg\" alt=\"\" class=\"wp-image-831\" srcset=\"https:\/\/www.informatiqueauchateau.be\/wp-content\/uploads\/2021\/03\/Categories-Gmail-5-1024x584.jpg 1024w, https:\/\/www.informatiqueauchateau.be\/wp-content\/uploads\/2021\/03\/Categories-Gmail-5-300x171.jpg 300w, https:\/\/www.informatiqueauchateau.be\/wp-content\/uploads\/2021\/03\/Categories-Gmail-5-768x438.jpg 768w, https:\/\/www.informatiqueauchateau.be\/wp-content\/uploads\/2021\/03\/Categories-Gmail-5-1200x685.jpg 1200w, https:\/\/www.informatiqueauchateau.be\/wp-content\/uploads\/2021\/03\/Categories-Gmail-5.jpg 1386w\" sizes=\"(max-width: 1024px) 100vw, 1024px\" \/><\/figure>\n\n\n\n<p>Ensuite, l&#8217;\u00e9cran suivant vous propose des actions qui seront appliqu\u00e9es lorsqu&#8217;un message correspondant exactement \u00e0 vos crit\u00e8res de recherche, arrivera dans votre boite de r\u00e9ception.<\/p>\n\n\n\n<p>Dans l&#8217;exemple d&#8217;illustration, tous les messages en provenance de l&#8217;Informatique au Ch\u00e2teau, seront automatiquement dirig\u00e9s vers la cat\u00e9gorie &#8220;<strong>Principale<\/strong>&#8221; de votre boite de r\u00e9ception. <span style=\"color:#0018a3\" class=\"has-inline-color\"><strong><em>Plus de risque de louper un message important !!!!<\/em><\/strong><\/span><\/p>\n\n\n\n<p>Lorsque la d\u00e9finition est r\u00e9alis\u00e9e, cliquez sur &#8220;Cr\u00e9er un filtre&#8221; dans le bas de la fen\u00eatre.<\/p>\n\n\n\n<p><em>Remarque: vous pouvez d\u00e9finir plusieurs actions dans cet \u00e9cran.<\/em><\/p>\n\n\n\n<figure class=\"wp-block-image size-large\"><img loading=\"lazy\" decoding=\"async\" width=\"1024\" height=\"798\" src=\"https:\/\/www.informatiqueauchateau.be\/wp-content\/uploads\/2021\/03\/Categories-Gmail-6-1024x798.jpg\" alt=\"\" class=\"wp-image-832\" srcset=\"https:\/\/www.informatiqueauchateau.be\/wp-content\/uploads\/2021\/03\/Categories-Gmail-6-1024x798.jpg 1024w, https:\/\/www.informatiqueauchateau.be\/wp-content\/uploads\/2021\/03\/Categories-Gmail-6-300x234.jpg 300w, https:\/\/www.informatiqueauchateau.be\/wp-content\/uploads\/2021\/03\/Categories-Gmail-6-768x599.jpg 768w, https:\/\/www.informatiqueauchateau.be\/wp-content\/uploads\/2021\/03\/Categories-Gmail-6-1200x936.jpg 1200w, https:\/\/www.informatiqueauchateau.be\/wp-content\/uploads\/2021\/03\/Categories-Gmail-6.jpg 1385w\" sizes=\"(max-width: 1024px) 100vw, 1024px\" \/><\/figure>\n\n\n\n<p>Voil\u00e0 ! Le filtre a \u00e9t\u00e9 d\u00e9fini&#8230;  Vous pouvez \u00e0 tout moment, en le s\u00e9lectionnant, le modifier, voir le supprimer !<\/p>\n\n\n\n<figure class=\"wp-block-image size-large\"><img loading=\"lazy\" decoding=\"async\" width=\"1024\" height=\"351\" src=\"https:\/\/www.informatiqueauchateau.be\/wp-content\/uploads\/2021\/03\/Categories-Gmail-7-1024x351.jpg\" alt=\"\" class=\"wp-image-833\" srcset=\"https:\/\/www.informatiqueauchateau.be\/wp-content\/uploads\/2021\/03\/Categories-Gmail-7-1024x351.jpg 1024w, https:\/\/www.informatiqueauchateau.be\/wp-content\/uploads\/2021\/03\/Categories-Gmail-7-300x103.jpg 300w, https:\/\/www.informatiqueauchateau.be\/wp-content\/uploads\/2021\/03\/Categories-Gmail-7-768x264.jpg 768w, https:\/\/www.informatiqueauchateau.be\/wp-content\/uploads\/2021\/03\/Categories-Gmail-7-1536x527.jpg 1536w, https:\/\/www.informatiqueauchateau.be\/wp-content\/uploads\/2021\/03\/Categories-Gmail-7-1200x412.jpg 1200w, https:\/\/www.informatiqueauchateau.be\/wp-content\/uploads\/2021\/03\/Categories-Gmail-7.jpg 1748w\" sizes=\"(max-width: 1024px) 100vw, 1024px\" \/><\/figure>\n","protected":false},"excerpt":{"rendered":"<p>Gmail distribue les messages re\u00e7us vers les boites de r\u00e9ception \u00e0 onglets (&#8220;Principale&#8220;, &#8220;R\u00e9seaux sociaux&#8221; ou &#8220;Promotions&#8220;). Les mails marketing et les emails en masse ont souvent plus de chances d&#8217;\u00eatre livr\u00e9s dans l&#8217;onglet &#8220;Promotions&#8220;.&nbsp; Et, on va tr\u00e8s rarement consulter cette cat\u00e9gorie !!! Du coups, on manque peut-\u00eatre des mails importants comme ceux en [&hellip;]<\/p>\n","protected":false},"author":1,"featured_media":0,"parent":0,"menu_order":0,"comment_status":"closed","ping_status":"closed","template":"","meta":{"footnotes":""},"class_list":["post-838","page","type-page","status-publish","hentry"],"yoast_head":"<!-- This site is optimized with the Yoast SEO plugin v26.2 - https:\/\/yoast.com\/wordpress\/plugins\/seo\/ -->\n<title>G Mail - Maitriser la r\u00e9ception des mails -<\/title>\n<meta name=\"robots\" content=\"index, follow, max-snippet:-1, max-image-preview:large, max-video-preview:-1\" \/>\n<link rel=\"canonical\" href=\"https:\/\/www.informatiqueauchateau.be\/index.php\/g-mail-maitriser-la-reception-des-mails\/\" \/>\n<meta property=\"og:locale\" content=\"en_US\" \/>\n<meta property=\"og:type\" content=\"article\" \/>\n<meta property=\"og:title\" content=\"G Mail - Maitriser la r\u00e9ception des mails -\" \/>\n<meta property=\"og:description\" content=\"Gmail distribue les messages re\u00e7us vers les boites de r\u00e9ception \u00e0 onglets (&#8220;Principale&#8220;, &#8220;R\u00e9seaux sociaux&#8221; ou &#8220;Promotions&#8220;). Les mails marketing et les emails en masse ont souvent plus de chances d&#8217;\u00eatre livr\u00e9s dans l&#8217;onglet &#8220;Promotions&#8220;.&nbsp; Et, on va tr\u00e8s rarement consulter cette cat\u00e9gorie !!! Du coups, on manque peut-\u00eatre des mails importants comme ceux en [&hellip;]\" \/>\n<meta property=\"og:url\" content=\"https:\/\/www.informatiqueauchateau.be\/index.php\/g-mail-maitriser-la-reception-des-mails\/\" \/>\n<meta property=\"article:modified_time\" content=\"2021-03-11T12:23:32+00:00\" \/>\n<meta property=\"og:image\" content=\"https:\/\/www.informatiqueauchateau.be\/wp-content\/uploads\/2021\/03\/Categories-Gmail-1-1-1024x330.jpg\" \/>\n<meta name=\"twitter:card\" content=\"summary_large_image\" \/>\n<meta name=\"twitter:label1\" content=\"Est. reading time\" \/>\n\t<meta name=\"twitter:data1\" content=\"3 minutes\" \/>\n<script type=\"application\/ld+json\" class=\"yoast-schema-graph\">{\"@context\":\"https:\/\/schema.org\",\"@graph\":[{\"@type\":\"WebPage\",\"@id\":\"https:\/\/www.informatiqueauchateau.be\/index.php\/g-mail-maitriser-la-reception-des-mails\/\",\"url\":\"https:\/\/www.informatiqueauchateau.be\/index.php\/g-mail-maitriser-la-reception-des-mails\/\",\"name\":\"G Mail - Maitriser la r\u00e9ception des mails -\",\"isPartOf\":{\"@id\":\"https:\/\/www.informatiqueauchateau.be\/#website\"},\"primaryImageOfPage\":{\"@id\":\"https:\/\/www.informatiqueauchateau.be\/index.php\/g-mail-maitriser-la-reception-des-mails\/#primaryimage\"},\"image\":{\"@id\":\"https:\/\/www.informatiqueauchateau.be\/index.php\/g-mail-maitriser-la-reception-des-mails\/#primaryimage\"},\"thumbnailUrl\":\"https:\/\/www.informatiqueauchateau.be\/wp-content\/uploads\/2021\/03\/Categories-Gmail-1-1-1024x330.jpg\",\"datePublished\":\"2021-03-10T08:09:29+00:00\",\"dateModified\":\"2021-03-11T12:23:32+00:00\",\"breadcrumb\":{\"@id\":\"https:\/\/www.informatiqueauchateau.be\/index.php\/g-mail-maitriser-la-reception-des-mails\/#breadcrumb\"},\"inLanguage\":\"en-US\",\"potentialAction\":[{\"@type\":\"ReadAction\",\"target\":[\"https:\/\/www.informatiqueauchateau.be\/index.php\/g-mail-maitriser-la-reception-des-mails\/\"]}]},{\"@type\":\"ImageObject\",\"inLanguage\":\"en-US\",\"@id\":\"https:\/\/www.informatiqueauchateau.be\/index.php\/g-mail-maitriser-la-reception-des-mails\/#primaryimage\",\"url\":\"https:\/\/www.informatiqueauchateau.be\/wp-content\/uploads\/2021\/03\/Categories-Gmail-1-1.jpg\",\"contentUrl\":\"https:\/\/www.informatiqueauchateau.be\/wp-content\/uploads\/2021\/03\/Categories-Gmail-1-1.jpg\",\"width\":1909,\"height\":615},{\"@type\":\"BreadcrumbList\",\"@id\":\"https:\/\/www.informatiqueauchateau.be\/index.php\/g-mail-maitriser-la-reception-des-mails\/#breadcrumb\",\"itemListElement\":[{\"@type\":\"ListItem\",\"position\":1,\"name\":\"Accueil\",\"item\":\"https:\/\/www.informatiqueauchateau.be\/\"},{\"@type\":\"ListItem\",\"position\":2,\"name\":\"G Mail &#8211; Maitriser la r\u00e9ception des mails\"}]},{\"@type\":\"WebSite\",\"@id\":\"https:\/\/www.informatiqueauchateau.be\/#website\",\"url\":\"https:\/\/www.informatiqueauchateau.be\/\",\"name\":\"\",\"description\":\"\",\"potentialAction\":[{\"@type\":\"SearchAction\",\"target\":{\"@type\":\"EntryPoint\",\"urlTemplate\":\"https:\/\/www.informatiqueauchateau.be\/?s={search_term_string}\"},\"query-input\":{\"@type\":\"PropertyValueSpecification\",\"valueRequired\":true,\"valueName\":\"search_term_string\"}}],\"inLanguage\":\"en-US\"}]}<\/script>\n<!-- \/ Yoast SEO plugin. -->","yoast_head_json":{"title":"G Mail - Maitriser la r\u00e9ception des mails -","robots":{"index":"index","follow":"follow","max-snippet":"max-snippet:-1","max-image-preview":"max-image-preview:large","max-video-preview":"max-video-preview:-1"},"canonical":"https:\/\/www.informatiqueauchateau.be\/index.php\/g-mail-maitriser-la-reception-des-mails\/","og_locale":"en_US","og_type":"article","og_title":"G Mail - Maitriser la r\u00e9ception des mails -","og_description":"Gmail distribue les messages re\u00e7us vers les boites de r\u00e9ception \u00e0 onglets (&#8220;Principale&#8220;, &#8220;R\u00e9seaux sociaux&#8221; ou &#8220;Promotions&#8220;). Les mails marketing et les emails en masse ont souvent plus de chances d&#8217;\u00eatre livr\u00e9s dans l&#8217;onglet &#8220;Promotions&#8220;.&nbsp; Et, on va tr\u00e8s rarement consulter cette cat\u00e9gorie !!! Du coups, on manque peut-\u00eatre des mails importants comme ceux en [&hellip;]","og_url":"https:\/\/www.informatiqueauchateau.be\/index.php\/g-mail-maitriser-la-reception-des-mails\/","article_modified_time":"2021-03-11T12:23:32+00:00","og_image":[{"url":"https:\/\/www.informatiqueauchateau.be\/wp-content\/uploads\/2021\/03\/Categories-Gmail-1-1-1024x330.jpg","type":"","width":"","height":""}],"twitter_card":"summary_large_image","twitter_misc":{"Est. reading time":"3 minutes"},"schema":{"@context":"https:\/\/schema.org","@graph":[{"@type":"WebPage","@id":"https:\/\/www.informatiqueauchateau.be\/index.php\/g-mail-maitriser-la-reception-des-mails\/","url":"https:\/\/www.informatiqueauchateau.be\/index.php\/g-mail-maitriser-la-reception-des-mails\/","name":"G Mail - Maitriser la r\u00e9ception des mails -","isPartOf":{"@id":"https:\/\/www.informatiqueauchateau.be\/#website"},"primaryImageOfPage":{"@id":"https:\/\/www.informatiqueauchateau.be\/index.php\/g-mail-maitriser-la-reception-des-mails\/#primaryimage"},"image":{"@id":"https:\/\/www.informatiqueauchateau.be\/index.php\/g-mail-maitriser-la-reception-des-mails\/#primaryimage"},"thumbnailUrl":"https:\/\/www.informatiqueauchateau.be\/wp-content\/uploads\/2021\/03\/Categories-Gmail-1-1-1024x330.jpg","datePublished":"2021-03-10T08:09:29+00:00","dateModified":"2021-03-11T12:23:32+00:00","breadcrumb":{"@id":"https:\/\/www.informatiqueauchateau.be\/index.php\/g-mail-maitriser-la-reception-des-mails\/#breadcrumb"},"inLanguage":"en-US","potentialAction":[{"@type":"ReadAction","target":["https:\/\/www.informatiqueauchateau.be\/index.php\/g-mail-maitriser-la-reception-des-mails\/"]}]},{"@type":"ImageObject","inLanguage":"en-US","@id":"https:\/\/www.informatiqueauchateau.be\/index.php\/g-mail-maitriser-la-reception-des-mails\/#primaryimage","url":"https:\/\/www.informatiqueauchateau.be\/wp-content\/uploads\/2021\/03\/Categories-Gmail-1-1.jpg","contentUrl":"https:\/\/www.informatiqueauchateau.be\/wp-content\/uploads\/2021\/03\/Categories-Gmail-1-1.jpg","width":1909,"height":615},{"@type":"BreadcrumbList","@id":"https:\/\/www.informatiqueauchateau.be\/index.php\/g-mail-maitriser-la-reception-des-mails\/#breadcrumb","itemListElement":[{"@type":"ListItem","position":1,"name":"Accueil","item":"https:\/\/www.informatiqueauchateau.be\/"},{"@type":"ListItem","position":2,"name":"G Mail &#8211; Maitriser la r\u00e9ception des mails"}]},{"@type":"WebSite","@id":"https:\/\/www.informatiqueauchateau.be\/#website","url":"https:\/\/www.informatiqueauchateau.be\/","name":"","description":"","potentialAction":[{"@type":"SearchAction","target":{"@type":"EntryPoint","urlTemplate":"https:\/\/www.informatiqueauchateau.be\/?s={search_term_string}"},"query-input":{"@type":"PropertyValueSpecification","valueRequired":true,"valueName":"search_term_string"}}],"inLanguage":"en-US"}]}},"_links":{"self":[{"href":"https:\/\/www.informatiqueauchateau.be\/index.php\/wp-json\/wp\/v2\/pages\/838","targetHints":{"allow":["GET"]}}],"collection":[{"href":"https:\/\/www.informatiqueauchateau.be\/index.php\/wp-json\/wp\/v2\/pages"}],"about":[{"href":"https:\/\/www.informatiqueauchateau.be\/index.php\/wp-json\/wp\/v2\/types\/page"}],"author":[{"embeddable":true,"href":"https:\/\/www.informatiqueauchateau.be\/index.php\/wp-json\/wp\/v2\/users\/1"}],"replies":[{"embeddable":true,"href":"https:\/\/www.informatiqueauchateau.be\/index.php\/wp-json\/wp\/v2\/comments?post=838"}],"version-history":[{"count":16,"href":"https:\/\/www.informatiqueauchateau.be\/index.php\/wp-json\/wp\/v2\/pages\/838\/revisions"}],"predecessor-version":[{"id":873,"href":"https:\/\/www.informatiqueauchateau.be\/index.php\/wp-json\/wp\/v2\/pages\/838\/revisions\/873"}],"wp:attachment":[{"href":"https:\/\/www.informatiqueauchateau.be\/index.php\/wp-json\/wp\/v2\/media?parent=838"}],"curies":[{"name":"wp","href":"https:\/\/api.w.org\/{rel}","templated":true}]}}