{"id":887,"date":"2021-03-12T17:09:35","date_gmt":"2021-03-12T16:09:35","guid":{"rendered":"https:\/\/www.informatiqueauchateau.be\/?page_id=887"},"modified":"2021-03-12T17:13:50","modified_gmt":"2021-03-12T16:13:50","slug":"pour-bien-deb","status":"publish","type":"page","link":"https:\/\/www.informatiqueauchateau.be\/index.php\/pour-bien-deb\/","title":{"rendered":"Pour bien d\u00e9buter&#8230;"},"content":{"rendered":"\n<p><span style=\"color:#a30004\" class=\"has-inline-color\">L&#8217;organisation de la formation (<em>mise en place et d\u00e9finition du moment dans la semaine<\/em>) est fonction de la disponibilit\u00e9 de l&#8217;animateur et du nombre d&#8217;inscriptions.<\/span><\/p>\n\n\n\n<p><span class=\"has-inline-color has-primary-color\">Un jour, on se trouve devant une ordinateur et parfois, par la force des choses, on est amen\u00e9 \u00e0 l&#8217;utiliser.&nbsp; C&#8217;est facile !!!&nbsp; Mais avant tout, il est vraiment important d&#8217;en conna\u00eetre les notions de bases.&nbsp; C&#8217;est tout aussi facile !!!!<\/span><\/p>\n\n\n\n<p><span class=\"has-inline-color has-primary-color\">Cette petite formation appel\u00e9e &#8220;Moi et le PC&#8221; est destin\u00e9e \u00e0 vous aider <em>simplement<\/em>, <em>clairement<\/em> et surtout, <em>\u00e0 votre rythme<\/em> \u00e0 comprendre le maniement d&#8217;un ordinateur.&nbsp; Ensemble, nous verrons comment : allumer et surtout, \u00e9teindre un ordinateur, comprendre ce qui appara\u00eet sur l&#8217;\u00e9cran, utiliser les touches du clavier, apprivoiser la petite b\u00eate que l&#8217;on appelle la &#8220;souris&#8221;, etc&#8230;&nbsp; Et tout cela, en r\u00e9alisant de petits exercices pratiques sur les ordinateurs du club.&nbsp; Donc, aucun danger pour vous&#8230;&nbsp;<\/span><\/p>\n\n\n\n<p><span class=\"has-inline-color has-primary-color\">Autre chose de tr\u00e8s important !&nbsp; C&#8217;est une formation de groupe&#8230;&nbsp; Et vous avez peur &#8220;d&#8217;\u00eatre trop <em>biesse<\/em>&#8221; vis \u00e0 vis des autres participants&#8230; Rassurez-vous votre voisin et\/ou votre voisine sera dans le m\u00eame \u00e9tat vis \u00e0 vis de vous.&nbsp; Et puis, si il et\/ou elle, en savait un peu plus, la convivialit\u00e9 du groupe les am\u00e8nera \u00e0 vous donner un petit coup de main&#8230;<\/span><\/p>\n\n\n\n<p><span class=\"has-inline-color has-primary-color\">En r\u00e9sum\u00e9, le plus dur est de franchir la porte du club !&nbsp; Alors, qu&#8217;attendez-vous\u2026&nbsp;<\/span><\/p>\n\n\n\n<h5 class=\"wp-block-heading\">Pr\u00e9requis demand\u00e9<\/h5>\n\n\n\n<p><span class=\"has-inline-color has-primary-color\">Aucun pr\u00e9requis demand\u00e9.<\/span><\/p>\n\n\n\n<p><strong><em><span class=\"has-inline-color has-primary-color\">Seule exception, venez avec votre bonne humeur.<\/span><\/em><\/strong><\/p>\n\n\n\n<p><span class=\"has-inline-color has-primary-color\">De notre c\u00f4t\u00e9, nous mettrons des ordinateurs \u00e0 votre disposition.<\/span><\/p>\n\n\n\n<h5 class=\"wp-block-heading\">Dur\u00e9e et localisation<\/h5>\n\n\n\n<p><span class=\"has-inline-color has-primary-color\">La formation comprend 4 \u00e0 5 s\u00e9ances de 3 heures \u00e0 raison d\u2019une s\u00e9ance par semaine hors vacances scolaires et jours f\u00e9ri\u00e9s.&nbsp; Chaque s\u00e9ance est agr\u00e9ment\u00e9e d\u2019une pause-caf\u00e9.<\/span><\/p>\n\n\n\n<p><span class=\"has-inline-color has-primary-color\">La formation se donne dans les locaux du club, au 1er \u00e9tage des Anciennes Ecuries du Ch\u00e2teau Communale de Ham-sur-Heure\/Nalinnes.<\/span><\/p>\n\n\n\n<h5 class=\"wp-block-heading\">Nombre de participants<\/h5>\n\n\n\n<p><span class=\"has-inline-color has-primary-color\">Cette formation de groupe est limit\u00e9e \u00e0 un maximum de 8 participants par session. Plusieurs sessions pourraient \u00eatre organis\u00e9es dans l\u2019ann\u00e9e acad\u00e9mique.<\/span><\/p>\n\n\n\n<h5 class=\"wp-block-heading\">Informations et demande d&#8217;inscription<\/h5>\n\n\n\n<p><span class=\"has-inline-color has-primary-color\">Pour toute demande d\u2019information, contactez le 0498\/48.86.53.<\/span><\/p>\n\n\n\n<p><span class=\"has-inline-color has-primary-color\"><strong>IMPORTANT<\/strong>&nbsp;: en cas d\u2019appel en absence, veuillez laisser votre nom, pr\u00e9nom, un num\u00e9ro de t\u00e9l\u00e9phone et en deux mots (pas trois\u2026) la raison de votre appel.&nbsp; Nous vous recontacterons avec plaisir.<\/span><\/p>\n\n\n\n<p><span class=\"has-inline-color has-primary-color\">Les demandes d\u2019inscription sont faites uniquement par un message \u00e0 l\u2019adresse informatiqueauchateau@gmail.com ou par un appel au num\u00e9ro 0498\/48.86.53<\/span><\/p>\n\n\n\n<h5 class=\"wp-block-heading\">Participation aux frais<\/h5>\n\n\n\n<p><span class=\"has-inline-color has-primary-color\">Cette formation est gratuite pour les personnes qui r\u00e9sident dans l &#8216;Entit\u00e9 de Ham-sur-Heure \/ Nalinnes.<\/span><\/p>\n\n\n\n<p><span class=\"has-inline-color has-primary-color\">Pour les personnes \u00ab&nbsp;ext\u00e9rieures&nbsp;\u00bb, une participation aux frais de 2\u20ac par s\u00e9ance sera demand\u00e9e. Cela inclut le caf\u00e9 \u2026<\/span><\/p>\n","protected":false},"excerpt":{"rendered":"<p>L&#8217;organisation de la formation (mise en place et d\u00e9finition du moment dans la semaine) est fonction de la disponibilit\u00e9 de l&#8217;animateur et du nombre d&#8217;inscriptions. Un jour, on se trouve devant une ordinateur et parfois, par la force des choses, on est amen\u00e9 \u00e0 l&#8217;utiliser.&nbsp; C&#8217;est facile !!!&nbsp; Mais avant tout, il est vraiment important [&hellip;]<\/p>\n","protected":false},"author":1,"featured_media":0,"parent":0,"menu_order":0,"comment_status":"closed","ping_status":"closed","template":"","meta":{"footnotes":""},"class_list":["post-887","page","type-page","status-publish","hentry"],"yoast_head":"<!-- This site is optimized with the Yoast SEO plugin v26.2 - https:\/\/yoast.com\/wordpress\/plugins\/seo\/ -->\n<title>Pour bien d\u00e9buter... -<\/title>\n<meta name=\"robots\" content=\"index, follow, max-snippet:-1, max-image-preview:large, max-video-preview:-1\" \/>\n<link rel=\"canonical\" href=\"https:\/\/www.informatiqueauchateau.be\/index.php\/pour-bien-deb\/\" \/>\n<meta property=\"og:locale\" content=\"en_US\" \/>\n<meta property=\"og:type\" content=\"article\" \/>\n<meta property=\"og:title\" content=\"Pour bien d\u00e9buter... -\" \/>\n<meta property=\"og:description\" content=\"L&#8217;organisation de la formation (mise en place et d\u00e9finition du moment dans la semaine) est fonction de la disponibilit\u00e9 de l&#8217;animateur et du nombre d&#8217;inscriptions. Un jour, on se trouve devant une ordinateur et parfois, par la force des choses, on est amen\u00e9 \u00e0 l&#8217;utiliser.&nbsp; C&#8217;est facile !!!&nbsp; Mais avant tout, il est vraiment important [&hellip;]\" \/>\n<meta property=\"og:url\" content=\"https:\/\/www.informatiqueauchateau.be\/index.php\/pour-bien-deb\/\" \/>\n<meta property=\"article:modified_time\" content=\"2021-03-12T16:13:50+00:00\" \/>\n<meta name=\"twitter:card\" content=\"summary_large_image\" \/>\n<meta name=\"twitter:label1\" content=\"Est. reading time\" \/>\n\t<meta name=\"twitter:data1\" content=\"2 minutes\" \/>\n<script type=\"application\/ld+json\" class=\"yoast-schema-graph\">{\"@context\":\"https:\/\/schema.org\",\"@graph\":[{\"@type\":\"WebPage\",\"@id\":\"https:\/\/www.informatiqueauchateau.be\/index.php\/pour-bien-deb\/\",\"url\":\"https:\/\/www.informatiqueauchateau.be\/index.php\/pour-bien-deb\/\",\"name\":\"Pour bien d\u00e9buter... -\",\"isPartOf\":{\"@id\":\"https:\/\/www.informatiqueauchateau.be\/#website\"},\"datePublished\":\"2021-03-12T16:09:35+00:00\",\"dateModified\":\"2021-03-12T16:13:50+00:00\",\"breadcrumb\":{\"@id\":\"https:\/\/www.informatiqueauchateau.be\/index.php\/pour-bien-deb\/#breadcrumb\"},\"inLanguage\":\"en-US\",\"potentialAction\":[{\"@type\":\"ReadAction\",\"target\":[\"https:\/\/www.informatiqueauchateau.be\/index.php\/pour-bien-deb\/\"]}]},{\"@type\":\"BreadcrumbList\",\"@id\":\"https:\/\/www.informatiqueauchateau.be\/index.php\/pour-bien-deb\/#breadcrumb\",\"itemListElement\":[{\"@type\":\"ListItem\",\"position\":1,\"name\":\"Accueil\",\"item\":\"https:\/\/www.informatiqueauchateau.be\/\"},{\"@type\":\"ListItem\",\"position\":2,\"name\":\"Pour bien d\u00e9buter&#8230;\"}]},{\"@type\":\"WebSite\",\"@id\":\"https:\/\/www.informatiqueauchateau.be\/#website\",\"url\":\"https:\/\/www.informatiqueauchateau.be\/\",\"name\":\"\",\"description\":\"\",\"potentialAction\":[{\"@type\":\"SearchAction\",\"target\":{\"@type\":\"EntryPoint\",\"urlTemplate\":\"https:\/\/www.informatiqueauchateau.be\/?s={search_term_string}\"},\"query-input\":{\"@type\":\"PropertyValueSpecification\",\"valueRequired\":true,\"valueName\":\"search_term_string\"}}],\"inLanguage\":\"en-US\"}]}<\/script>\n<!-- \/ Yoast SEO plugin. -->","yoast_head_json":{"title":"Pour bien d\u00e9buter... -","robots":{"index":"index","follow":"follow","max-snippet":"max-snippet:-1","max-image-preview":"max-image-preview:large","max-video-preview":"max-video-preview:-1"},"canonical":"https:\/\/www.informatiqueauchateau.be\/index.php\/pour-bien-deb\/","og_locale":"en_US","og_type":"article","og_title":"Pour bien d\u00e9buter... -","og_description":"L&#8217;organisation de la formation (mise en place et d\u00e9finition du moment dans la semaine) est fonction de la disponibilit\u00e9 de l&#8217;animateur et du nombre d&#8217;inscriptions. Un jour, on se trouve devant une ordinateur et parfois, par la force des choses, on est amen\u00e9 \u00e0 l&#8217;utiliser.&nbsp; C&#8217;est facile !!!&nbsp; Mais avant tout, il est vraiment important [&hellip;]","og_url":"https:\/\/www.informatiqueauchateau.be\/index.php\/pour-bien-deb\/","article_modified_time":"2021-03-12T16:13:50+00:00","twitter_card":"summary_large_image","twitter_misc":{"Est. reading time":"2 minutes"},"schema":{"@context":"https:\/\/schema.org","@graph":[{"@type":"WebPage","@id":"https:\/\/www.informatiqueauchateau.be\/index.php\/pour-bien-deb\/","url":"https:\/\/www.informatiqueauchateau.be\/index.php\/pour-bien-deb\/","name":"Pour bien d\u00e9buter... -","isPartOf":{"@id":"https:\/\/www.informatiqueauchateau.be\/#website"},"datePublished":"2021-03-12T16:09:35+00:00","dateModified":"2021-03-12T16:13:50+00:00","breadcrumb":{"@id":"https:\/\/www.informatiqueauchateau.be\/index.php\/pour-bien-deb\/#breadcrumb"},"inLanguage":"en-US","potentialAction":[{"@type":"ReadAction","target":["https:\/\/www.informatiqueauchateau.be\/index.php\/pour-bien-deb\/"]}]},{"@type":"BreadcrumbList","@id":"https:\/\/www.informatiqueauchateau.be\/index.php\/pour-bien-deb\/#breadcrumb","itemListElement":[{"@type":"ListItem","position":1,"name":"Accueil","item":"https:\/\/www.informatiqueauchateau.be\/"},{"@type":"ListItem","position":2,"name":"Pour bien d\u00e9buter&#8230;"}]},{"@type":"WebSite","@id":"https:\/\/www.informatiqueauchateau.be\/#website","url":"https:\/\/www.informatiqueauchateau.be\/","name":"","description":"","potentialAction":[{"@type":"SearchAction","target":{"@type":"EntryPoint","urlTemplate":"https:\/\/www.informatiqueauchateau.be\/?s={search_term_string}"},"query-input":{"@type":"PropertyValueSpecification","valueRequired":true,"valueName":"search_term_string"}}],"inLanguage":"en-US"}]}},"_links":{"self":[{"href":"https:\/\/www.informatiqueauchateau.be\/index.php\/wp-json\/wp\/v2\/pages\/887","targetHints":{"allow":["GET"]}}],"collection":[{"href":"https:\/\/www.informatiqueauchateau.be\/index.php\/wp-json\/wp\/v2\/pages"}],"about":[{"href":"https:\/\/www.informatiqueauchateau.be\/index.php\/wp-json\/wp\/v2\/types\/page"}],"author":[{"embeddable":true,"href":"https:\/\/www.informatiqueauchateau.be\/index.php\/wp-json\/wp\/v2\/users\/1"}],"replies":[{"embeddable":true,"href":"https:\/\/www.informatiqueauchateau.be\/index.php\/wp-json\/wp\/v2\/comments?post=887"}],"version-history":[{"count":12,"href":"https:\/\/www.informatiqueauchateau.be\/index.php\/wp-json\/wp\/v2\/pages\/887\/revisions"}],"predecessor-version":[{"id":909,"href":"https:\/\/www.informatiqueauchateau.be\/index.php\/wp-json\/wp\/v2\/pages\/887\/revisions\/909"}],"wp:attachment":[{"href":"https:\/\/www.informatiqueauchateau.be\/index.php\/wp-json\/wp\/v2\/media?parent=887"}],"curies":[{"name":"wp","href":"https:\/\/api.w.org\/{rel}","templated":true}]}}