{"id":93,"date":"2019-12-07T10:58:55","date_gmt":"2019-12-07T09:58:55","guid":{"rendered":"https:\/\/www.informatiqueauchateau.be\/?page_id=93"},"modified":"2025-09-04T15:26:06","modified_gmt":"2025-09-04T13:26:06","slug":"traitement-de-texte-word","status":"publish","type":"page","link":"https:\/\/www.informatiqueauchateau.be\/index.php\/traitement-de-texte-word\/","title":{"rendered":"Word (Traitement de texte)"},"content":{"rendered":"\t\t<div data-elementor-type=\"wp-page\" data-elementor-id=\"93\" class=\"elementor elementor-93\">\n\t\t\t\t\t\t<section class=\"elementor-section elementor-top-section elementor-element elementor-element-61f14ba elementor-section-boxed elementor-section-height-default elementor-section-height-default\" data-id=\"61f14ba\" data-element_type=\"section\">\n\t\t\t\t\t\t<div class=\"elementor-container elementor-column-gap-default\">\n\t\t\t\t\t<div class=\"elementor-column elementor-col-100 elementor-top-column elementor-element elementor-element-e848008\" data-id=\"e848008\" data-element_type=\"column\">\n\t\t\t<div class=\"elementor-widget-wrap elementor-element-populated\">\n\t\t\t\t\t\t<div class=\"elementor-element elementor-element-00950d2 elementor-widget elementor-widget-image\" data-id=\"00950d2\" data-element_type=\"widget\" data-widget_type=\"image.default\">\n\t\t\t\t<div class=\"elementor-widget-container\">\n\t\t\t\t\t\t\t\t\t\t\t\t\t\t\t<img fetchpriority=\"high\" decoding=\"async\" width=\"580\" height=\"145\" src=\"https:\/\/www.informatiqueauchateau.be\/wp-content\/uploads\/2024\/09\/Logo-2019-Banniere-1024x256.png\" class=\"attachment-large size-large wp-image-4681\" alt=\"\" srcset=\"https:\/\/www.informatiqueauchateau.be\/wp-content\/uploads\/2024\/09\/Logo-2019-Banniere-1024x256.png 1024w, https:\/\/www.informatiqueauchateau.be\/wp-content\/uploads\/2024\/09\/Logo-2019-Banniere-300x75.png 300w, https:\/\/www.informatiqueauchateau.be\/wp-content\/uploads\/2024\/09\/Logo-2019-Banniere-768x192.png 768w, https:\/\/www.informatiqueauchateau.be\/wp-content\/uploads\/2024\/09\/Logo-2019-Banniere.png 1031w\" sizes=\"(max-width: 580px) 100vw, 580px\" \/>\t\t\t\t\t\t\t\t\t\t\t\t\t\t\t<\/div>\n\t\t\t\t<\/div>\n\t\t\t\t<div class=\"elementor-element elementor-element-2e18407 elementor-widget elementor-widget-image\" data-id=\"2e18407\" data-element_type=\"widget\" data-widget_type=\"image.default\">\n\t\t\t\t<div class=\"elementor-widget-container\">\n\t\t\t\t\t\t\t\t\t\t\t\t\t\t\t<img decoding=\"async\" width=\"580\" height=\"393\" src=\"https:\/\/www.informatiqueauchateau.be\/wp-content\/uploads\/2024\/08\/Image2-1024x694.jpg\" class=\"attachment-large size-large wp-image-4492\" alt=\"\" srcset=\"https:\/\/www.informatiqueauchateau.be\/wp-content\/uploads\/2024\/08\/Image2-1024x694.jpg 1024w, https:\/\/www.informatiqueauchateau.be\/wp-content\/uploads\/2024\/08\/Image2-300x203.jpg 300w, https:\/\/www.informatiqueauchateau.be\/wp-content\/uploads\/2024\/08\/Image2-768x520.jpg 768w, https:\/\/www.informatiqueauchateau.be\/wp-content\/uploads\/2024\/08\/Image2.jpg 1063w\" sizes=\"(max-width: 580px) 100vw, 580px\" \/>\t\t\t\t\t\t\t\t\t\t\t\t\t\t\t<\/div>\n\t\t\t\t<\/div>\n\t\t\t\t<div class=\"elementor-element elementor-element-abc1bf2 elementor-align-center elementor-widget elementor-widget-button\" data-id=\"abc1bf2\" data-element_type=\"widget\" data-widget_type=\"button.default\">\n\t\t\t\t<div class=\"elementor-widget-container\">\n\t\t\t\t\t\t\t\t\t<div class=\"elementor-button-wrapper\">\n\t\t\t\t\t<a class=\"elementor-button elementor-button-link elementor-size-sm\" href=\"https:\/\/forms.gle\/WPiN5c2Nuun8Vi1X8\">\n\t\t\t\t\t\t<span class=\"elementor-button-content-wrapper\">\n\t\t\t\t\t\t\t\t\t<span class=\"elementor-button-text\">Vers le formulaire de demande d'inscription ou de renseignements<\/span>\n\t\t\t\t\t<\/span>\n\t\t\t\t\t<\/a>\n\t\t\t\t<\/div>\n\t\t\t\t\t\t\t\t<\/div>\n\t\t\t\t<\/div>\n\t\t\t\t<div class=\"elementor-element elementor-element-1fc53f2 elementor-widget elementor-widget-text-editor\" data-id=\"1fc53f2\" data-element_type=\"widget\" data-widget_type=\"text-editor.default\">\n\t\t\t\t<div class=\"elementor-widget-container\">\n\t\t\t\t\t\t\t\t\t<p>Cette formation vous permet de ma\u00eetriser les fonctionnalit\u00e9s de base pour une utilisation standard du logiciel Word 2019, \u00e0 savoir : cr\u00e9er, ouvrir et enregistrer un document, mettre en valeur le texte, pr\u00e9sentation des\u00a0 paragraphes, utilisation des tabulations, correction automatique, insertion d&#8217;images, etc&#8230;\u00a0<\/p><h4>Pr\u00e9requis demand\u00e9<\/h4><p>Connaissances \u00e9l\u00e9mentaires dans l&#8217;utilisation du clavier et de la souris.<\/p><p>Ainsi qu&#8217;une compr\u00e9hension de base de la gestion des dossiers et des fichiers.<\/p><p><em><strong>Pas de panique ! C&#8217;est facile &#8230; et on peut vous aider !<\/strong><\/em><\/p><h4>Dur\u00e9e et localisation<\/h4><p>La formation comprend 12 s\u00e9ances de 3 heures \u00e0 raison d\u2019une s\u00e9ance par semaine hors vacances scolaires et jours f\u00e9ri\u00e9s.\u00a0 Chaque s\u00e9ance est agr\u00e9ment\u00e9e d\u2019une pause-caf\u00e9.<\/p><p>La formation se donne dans les locaux du club, au 1er \u00e9tage des Anciennes Ecuries du Ch\u00e2teau Communale de Ham-sur-Heure\/Nalinnes.<\/p><h4>Nombre de participants<\/h4><p>Cette formation de groupe est limit\u00e9e \u00e0 un maximum de 12 participants par session. Plusieurs sessions pourraient \u00eatre organis\u00e9es dans l\u2019ann\u00e9e acad\u00e9mique.<\/p><h4>Informations<\/h4><p>Pour toute demande d\u2019information, contactez le 0498\/48.86.53.<\/p><p><strong>IMPORTANT<\/strong>\u00a0: en cas d\u2019appel en absence, veuillez laisser votre nom, pr\u00e9nom, un num\u00e9ro de t\u00e9l\u00e9phone et en deux mots (pas trois\u2026) la raison de votre appel.\u00a0 Nous vous recontacterons avec plaisir.<\/p>\t\t\t\t\t\t\t\t<\/div>\n\t\t\t\t<\/div>\n\t\t\t\t<div class=\"elementor-element elementor-element-0d1c6c7 elementor-widget elementor-widget-text-editor\" data-id=\"0d1c6c7\" data-element_type=\"widget\" data-widget_type=\"text-editor.default\">\n\t\t\t\t<div class=\"elementor-widget-container\">\n\t\t\t\t\t\t\t\t\t<h4>Participation aux frais<\/h4><p>Cette formation est gratuite pour les personnes qui r\u00e9sident dans l &#8216;Entit\u00e9 de Ham-sur-Heure \/ Nalinnes.<\/p><p>Pour les personnes \u00ab\u00a0ext\u00e9rieures\u00a0\u00bb, une participation aux frais de 2\u20ac par s\u00e9ance sera demand\u00e9e. Cela inclut le caf\u00e9 \u2026<\/p>\t\t\t\t\t\t\t\t<\/div>\n\t\t\t\t<\/div>\n\t\t\t\t<div class=\"elementor-element elementor-element-f800852 elementor-widget elementor-widget-text-editor\" data-id=\"f800852\" data-element_type=\"widget\" data-widget_type=\"text-editor.default\">\n\t\t\t\t<div class=\"elementor-widget-container\">\n\t\t\t\t\t\t\t\t\t<p>L&#8217;organisation de la formation (<em>mise en place et d\u00e9finition du moment dans la semaine<\/em>) est fonction de la disponibilit\u00e9 de l&#8217;animateur et du nombre d&#8217;inscriptions.<\/p>\t\t\t\t\t\t\t\t<\/div>\n\t\t\t\t<\/div>\n\t\t\t\t\t<\/div>\n\t\t<\/div>\n\t\t\t\t\t<\/div>\n\t\t<\/section>\n\t\t\t\t<\/div>\n\t\t","protected":false},"excerpt":{"rendered":"<p>Vers le formulaire de demande d&#8217;inscription ou de renseignements Cette formation vous permet de ma\u00eetriser les fonctionnalit\u00e9s de base pour une utilisation standard du logiciel Word 2019, \u00e0 savoir : cr\u00e9er, ouvrir et enregistrer un document, mettre en valeur le texte, pr\u00e9sentation des\u00a0 paragraphes, utilisation des tabulations, correction automatique, insertion d&#8217;images, etc&#8230;\u00a0 Pr\u00e9requis demand\u00e9 Connaissances [&hellip;]<\/p>\n","protected":false},"author":1,"featured_media":0,"parent":0,"menu_order":0,"comment_status":"closed","ping_status":"closed","template":"","meta":{"footnotes":""},"class_list":["post-93","page","type-page","status-publish","hentry"],"yoast_head":"<!-- This site is optimized with the Yoast SEO plugin v26.2 - https:\/\/yoast.com\/wordpress\/plugins\/seo\/ -->\n<title>Word (Traitement de texte) -<\/title>\n<meta name=\"robots\" content=\"index, follow, max-snippet:-1, max-image-preview:large, max-video-preview:-1\" \/>\n<link rel=\"canonical\" href=\"https:\/\/www.informatiqueauchateau.be\/index.php\/traitement-de-texte-word\/\" \/>\n<meta property=\"og:locale\" content=\"en_US\" \/>\n<meta property=\"og:type\" content=\"article\" \/>\n<meta property=\"og:title\" content=\"Word (Traitement de texte) -\" \/>\n<meta property=\"og:description\" content=\"Vers le formulaire de demande d&#8217;inscription ou de renseignements Cette formation vous permet de ma\u00eetriser les fonctionnalit\u00e9s de base pour une utilisation standard du logiciel Word 2019, \u00e0 savoir : cr\u00e9er, ouvrir et enregistrer un document, mettre en valeur le texte, pr\u00e9sentation des\u00a0 paragraphes, utilisation des tabulations, correction automatique, insertion d&#8217;images, etc&#8230;\u00a0 Pr\u00e9requis demand\u00e9 Connaissances [&hellip;]\" \/>\n<meta property=\"og:url\" content=\"https:\/\/www.informatiqueauchateau.be\/index.php\/traitement-de-texte-word\/\" \/>\n<meta property=\"article:modified_time\" content=\"2025-09-04T13:26:06+00:00\" \/>\n<meta property=\"og:image\" content=\"https:\/\/www.informatiqueauchateau.be\/wp-content\/uploads\/2024\/09\/Logo-2019-Banniere.png\" \/>\n\t<meta property=\"og:image:width\" content=\"1031\" \/>\n\t<meta property=\"og:image:height\" content=\"258\" \/>\n\t<meta property=\"og:image:type\" content=\"image\/png\" \/>\n<meta name=\"twitter:card\" content=\"summary_large_image\" \/>\n<meta name=\"twitter:label1\" content=\"Est. reading time\" \/>\n\t<meta name=\"twitter:data1\" content=\"2 minutes\" \/>\n<script type=\"application\/ld+json\" class=\"yoast-schema-graph\">{\"@context\":\"https:\/\/schema.org\",\"@graph\":[{\"@type\":\"WebPage\",\"@id\":\"https:\/\/www.informatiqueauchateau.be\/index.php\/traitement-de-texte-word\/\",\"url\":\"https:\/\/www.informatiqueauchateau.be\/index.php\/traitement-de-texte-word\/\",\"name\":\"Word (Traitement de texte) -\",\"isPartOf\":{\"@id\":\"https:\/\/www.informatiqueauchateau.be\/#website\"},\"primaryImageOfPage\":{\"@id\":\"https:\/\/www.informatiqueauchateau.be\/index.php\/traitement-de-texte-word\/#primaryimage\"},\"image\":{\"@id\":\"https:\/\/www.informatiqueauchateau.be\/index.php\/traitement-de-texte-word\/#primaryimage\"},\"thumbnailUrl\":\"https:\/\/www.informatiqueauchateau.be\/wp-content\/uploads\/2024\/09\/Logo-2019-Banniere-1024x256.png\",\"datePublished\":\"2019-12-07T09:58:55+00:00\",\"dateModified\":\"2025-09-04T13:26:06+00:00\",\"breadcrumb\":{\"@id\":\"https:\/\/www.informatiqueauchateau.be\/index.php\/traitement-de-texte-word\/#breadcrumb\"},\"inLanguage\":\"en-US\",\"potentialAction\":[{\"@type\":\"ReadAction\",\"target\":[\"https:\/\/www.informatiqueauchateau.be\/index.php\/traitement-de-texte-word\/\"]}]},{\"@type\":\"ImageObject\",\"inLanguage\":\"en-US\",\"@id\":\"https:\/\/www.informatiqueauchateau.be\/index.php\/traitement-de-texte-word\/#primaryimage\",\"url\":\"https:\/\/www.informatiqueauchateau.be\/wp-content\/uploads\/2024\/09\/Logo-2019-Banniere.png\",\"contentUrl\":\"https:\/\/www.informatiqueauchateau.be\/wp-content\/uploads\/2024\/09\/Logo-2019-Banniere.png\",\"width\":1031,\"height\":258},{\"@type\":\"BreadcrumbList\",\"@id\":\"https:\/\/www.informatiqueauchateau.be\/index.php\/traitement-de-texte-word\/#breadcrumb\",\"itemListElement\":[{\"@type\":\"ListItem\",\"position\":1,\"name\":\"Accueil\",\"item\":\"https:\/\/www.informatiqueauchateau.be\/\"},{\"@type\":\"ListItem\",\"position\":2,\"name\":\"Word (Traitement de texte)\"}]},{\"@type\":\"WebSite\",\"@id\":\"https:\/\/www.informatiqueauchateau.be\/#website\",\"url\":\"https:\/\/www.informatiqueauchateau.be\/\",\"name\":\"\",\"description\":\"\",\"potentialAction\":[{\"@type\":\"SearchAction\",\"target\":{\"@type\":\"EntryPoint\",\"urlTemplate\":\"https:\/\/www.informatiqueauchateau.be\/?s={search_term_string}\"},\"query-input\":{\"@type\":\"PropertyValueSpecification\",\"valueRequired\":true,\"valueName\":\"search_term_string\"}}],\"inLanguage\":\"en-US\"}]}<\/script>\n<!-- \/ Yoast SEO plugin. -->","yoast_head_json":{"title":"Word (Traitement de texte) -","robots":{"index":"index","follow":"follow","max-snippet":"max-snippet:-1","max-image-preview":"max-image-preview:large","max-video-preview":"max-video-preview:-1"},"canonical":"https:\/\/www.informatiqueauchateau.be\/index.php\/traitement-de-texte-word\/","og_locale":"en_US","og_type":"article","og_title":"Word (Traitement de texte) -","og_description":"Vers le formulaire de demande d&#8217;inscription ou de renseignements Cette formation vous permet de ma\u00eetriser les fonctionnalit\u00e9s de base pour une utilisation standard du logiciel Word 2019, \u00e0 savoir : cr\u00e9er, ouvrir et enregistrer un document, mettre en valeur le texte, pr\u00e9sentation des\u00a0 paragraphes, utilisation des tabulations, correction automatique, insertion d&#8217;images, etc&#8230;\u00a0 Pr\u00e9requis demand\u00e9 Connaissances [&hellip;]","og_url":"https:\/\/www.informatiqueauchateau.be\/index.php\/traitement-de-texte-word\/","article_modified_time":"2025-09-04T13:26:06+00:00","og_image":[{"width":1031,"height":258,"url":"https:\/\/www.informatiqueauchateau.be\/wp-content\/uploads\/2024\/09\/Logo-2019-Banniere.png","type":"image\/png"}],"twitter_card":"summary_large_image","twitter_misc":{"Est. reading time":"2 minutes"},"schema":{"@context":"https:\/\/schema.org","@graph":[{"@type":"WebPage","@id":"https:\/\/www.informatiqueauchateau.be\/index.php\/traitement-de-texte-word\/","url":"https:\/\/www.informatiqueauchateau.be\/index.php\/traitement-de-texte-word\/","name":"Word (Traitement de texte) -","isPartOf":{"@id":"https:\/\/www.informatiqueauchateau.be\/#website"},"primaryImageOfPage":{"@id":"https:\/\/www.informatiqueauchateau.be\/index.php\/traitement-de-texte-word\/#primaryimage"},"image":{"@id":"https:\/\/www.informatiqueauchateau.be\/index.php\/traitement-de-texte-word\/#primaryimage"},"thumbnailUrl":"https:\/\/www.informatiqueauchateau.be\/wp-content\/uploads\/2024\/09\/Logo-2019-Banniere-1024x256.png","datePublished":"2019-12-07T09:58:55+00:00","dateModified":"2025-09-04T13:26:06+00:00","breadcrumb":{"@id":"https:\/\/www.informatiqueauchateau.be\/index.php\/traitement-de-texte-word\/#breadcrumb"},"inLanguage":"en-US","potentialAction":[{"@type":"ReadAction","target":["https:\/\/www.informatiqueauchateau.be\/index.php\/traitement-de-texte-word\/"]}]},{"@type":"ImageObject","inLanguage":"en-US","@id":"https:\/\/www.informatiqueauchateau.be\/index.php\/traitement-de-texte-word\/#primaryimage","url":"https:\/\/www.informatiqueauchateau.be\/wp-content\/uploads\/2024\/09\/Logo-2019-Banniere.png","contentUrl":"https:\/\/www.informatiqueauchateau.be\/wp-content\/uploads\/2024\/09\/Logo-2019-Banniere.png","width":1031,"height":258},{"@type":"BreadcrumbList","@id":"https:\/\/www.informatiqueauchateau.be\/index.php\/traitement-de-texte-word\/#breadcrumb","itemListElement":[{"@type":"ListItem","position":1,"name":"Accueil","item":"https:\/\/www.informatiqueauchateau.be\/"},{"@type":"ListItem","position":2,"name":"Word (Traitement de texte)"}]},{"@type":"WebSite","@id":"https:\/\/www.informatiqueauchateau.be\/#website","url":"https:\/\/www.informatiqueauchateau.be\/","name":"","description":"","potentialAction":[{"@type":"SearchAction","target":{"@type":"EntryPoint","urlTemplate":"https:\/\/www.informatiqueauchateau.be\/?s={search_term_string}"},"query-input":{"@type":"PropertyValueSpecification","valueRequired":true,"valueName":"search_term_string"}}],"inLanguage":"en-US"}]}},"_links":{"self":[{"href":"https:\/\/www.informatiqueauchateau.be\/index.php\/wp-json\/wp\/v2\/pages\/93","targetHints":{"allow":["GET"]}}],"collection":[{"href":"https:\/\/www.informatiqueauchateau.be\/index.php\/wp-json\/wp\/v2\/pages"}],"about":[{"href":"https:\/\/www.informatiqueauchateau.be\/index.php\/wp-json\/wp\/v2\/types\/page"}],"author":[{"embeddable":true,"href":"https:\/\/www.informatiqueauchateau.be\/index.php\/wp-json\/wp\/v2\/users\/1"}],"replies":[{"embeddable":true,"href":"https:\/\/www.informatiqueauchateau.be\/index.php\/wp-json\/wp\/v2\/comments?post=93"}],"version-history":[{"count":39,"href":"https:\/\/www.informatiqueauchateau.be\/index.php\/wp-json\/wp\/v2\/pages\/93\/revisions"}],"predecessor-version":[{"id":5367,"href":"https:\/\/www.informatiqueauchateau.be\/index.php\/wp-json\/wp\/v2\/pages\/93\/revisions\/5367"}],"wp:attachment":[{"href":"https:\/\/www.informatiqueauchateau.be\/index.php\/wp-json\/wp\/v2\/media?parent=93"}],"curies":[{"name":"wp","href":"https:\/\/api.w.org\/{rel}","templated":true}]}}